{"id":14,"date":"2018-11-23T22:51:17","date_gmt":"2018-11-23T22:51:17","guid":{"rendered":"https:\/\/www.raquelcanoalonso.com\/?page_id=14"},"modified":"2025-08-26T06:27:17","modified_gmt":"2025-08-26T06:27:17","slug":"curriculum","status":"publish","type":"page","link":"https:\/\/www.raquelcanoalonso.com\/","title":{"rendered":"Curriculum"},"content":{"rendered":"<p>[vc_section el_id=\u00bbpersonal\u00bb][vc_row gap=\u00bb10&#8243;][vc_column width=\u00bb4\/12&#8243; css=\u00bb.vc_custom_1543566162198{border-top-width: 2px !important;border-right-width: 2px !important;border-bottom-width: 2px !important;border-left-width: 2px !important;border-left-color: #01abaa !important;border-left-style: solid !important;border-right-color: #01abaa !important;border-right-style: solid !important;border-top-color: #01abaa !important;border-top-style: solid !important;border-bottom-color: #01abaa !important;border-bottom-style: solid !important;border-radius: 5px !important;}\u00bb][vc_single_image image=\u00bb185&#8243; img_size=\u00bb\u00bb alignment=\u00bbcenter\u00bb style=\u00bbvc_box_border\u00bb][vc_column_text]<\/p>\n<p class=\"cmParagraph\">Especialista de Diagn\u00f3stico por Imagen de Hospital Universitario Quir\u00f3nsalud Madrid<\/p>\n<p class=\"cmParagraph\">Licenciada en Medicina por la Universidad Complutense de Madrid, y per\u00edodo de formaci\u00f3n MIR en la especialidad de Radiodiagn\u00f3stico en el Hospital Universitario 12 de Octubre (Madrid).<\/p>\n<p class=\"cmParagraph\">M\u00e9dico Adjunto en el Servicio de Diagn\u00f3stico por la Imagen en el Hospital Quir\u00f3nsalud Madrid, desde el 1 de Junio de 2009, con participaci\u00f3n activa en el Comit\u00e9 oncol\u00f3gico multidisciplinar de tumores del aparato digestivo.<\/p>\n<p><span class=\"lt-line-clamp__line\">Experiencia en TAC<\/span> <span class=\"lt-line-clamp__line lt-line-clamp__line--last\"> (convencional y energ\u00eda espectral), RM y US.<\/span>[\/vc_column_text][\/vc_column][vc_column width=\u00bb8\/12&#8243;][vc_text_separator title=\u00bbExperiencia\u00bb i_icon_fontawesome=\u00bbfa fa-graduation-cap\u00bb i_color=\u00bbcustom\u00bb i_background_style=\u00bbrounded\u00bb i_background_color=\u00bbcustom\u00bb border_width=\u00bb3&#8243; add_icon=\u00bbtrue\u00bb i_custom_color=\u00bb#ffffff\u00bb i_custom_background_color=\u00bb#01abaa\u00bb css=\u00bb.vc_custom_1543823174205{border-radius: 5px !important;}\u00bb][vc_row_inner][vc_column_inner width=\u00bb1\/4&#8243;][vc_single_image image=\u00bb162&#8243; img_size=\u00bb75&#8243; alignment=\u00bbcenter\u00bb][\/vc_column_inner][vc_column_inner width=\u00bb3\/4&#8243;][vc_column_text]<strong>Radi\u00f3logo adjunto<br \/>\n<\/strong>Quir\u00f3nSalud<br \/>\nJun de 2009-Actualidad[\/vc_column_text][vc_separator][\/vc_column_inner][\/vc_row_inner][vc_row_inner][vc_column_inner width=\u00bb1\/4&#8243;][vc_single_image image=\u00bb163&#8243; img_size=\u00bb75&#8243; alignment=\u00bbcenter\u00bb][\/vc_column_inner][vc_column_inner width=\u00bb3\/4&#8243;][vc_column_text]<strong>Profesora asociada de la Facultad de Ciencias Biom\u00e9dicas<\/strong><br \/>\nUniversidad Europea de Madrid<br \/>\n2013 \u2013 Actualidad<\/p>\n<p><strong>Profesora colaboradora de pr\u00e1cticas\/teor\u00eda de la Facultad de Ciencias Biom\u00e9dicas<br \/>\n<\/strong>Universidad Europea de Madrid<br \/>\n2011 \u2013 2013<\/p>\n<p><strong>Profesora colaboradora cl\u00ednica de pr\u00e1cticas de la Facultad de Ciencias Biom\u00e9dicas<\/strong><br \/>\nUniversidad Europea de Madrid<br \/>\nSept de 2010 \u2013 2011[\/vc_column_text][vc_separator][\/vc_column_inner][\/vc_row_inner][vc_row_inner][vc_column_inner width=\u00bb1\/4&#8243;][vc_single_image image=\u00bb164&#8243; img_size=\u00bb75&#8243; alignment=\u00bbcenter\u00bb][\/vc_column_inner][vc_column_inner width=\u00bb3\/4&#8243;][vc_column_text]<strong>Revisora en revista RADIOLOG\u00cdA (\u00e1rea de Radiolog\u00eda Gastrointestinal)<\/strong><br \/>\nSERAM<br \/>\n2013 \u2013 2015[\/vc_column_text][vc_separator][\/vc_column_inner][\/vc_row_inner][vc_row_inner][vc_column_inner width=\u00bb1\/4&#8243;][vc_single_image image=\u00bb211&#8243; img_size=\u00bb65&#8243; alignment=\u00bbcenter\u00bb][\/vc_column_inner][vc_column_inner width=\u00bb3\/4&#8243;][vc_column_text]<strong>MIR<\/strong><br \/>\nHospital Universitario 12 de Octubre (Madrid)<br \/>\nMayo 2005 &#8211; Mayo 2009[\/vc_column_text][\/vc_column_inner][\/vc_row_inner][\/vc_column][\/vc_row][\/vc_section][vc_row el_id=\u00bbformacion\u00bb][vc_column width=\u00bb6\/12&#8243;][vc_text_separator title=\u00bbFormaci\u00f3n Acad\u00e9mica\u00bb i_icon_fontawesome=\u00bbfa fa-graduation-cap\u00bb i_color=\u00bbcustom\u00bb i_background_style=\u00bbrounded\u00bb i_background_color=\u00bbcustom\u00bb border_width=\u00bb3&#8243; add_icon=\u00bbtrue\u00bb i_custom_color=\u00bb#ffffff\u00bb i_custom_background_color=\u00bb#01abaa\u00bb css=\u00bb.vc_custom_1543302500130{border-radius: 5px !important;}\u00bb][vc_row_inner][vc_column_inner width=\u00bb1\/6&#8243;][vc_single_image image=\u00bb161&#8243; img_size=\u00bb75&#8243; alignment=\u00bbcenter\u00bb][\/vc_column_inner][vc_column_inner width=\u00bb5\/6&#8243;][vc_column_text]<span class=\"background-details\"><strong>Universidad Complutense de Madrid<br \/>\n<\/strong>DEA-Suficiencia Investigadora, Programa de ciencias radiol\u00f3gicas<br \/>\n2007-2007<br \/>\nValor de la imagen potenciada en difusi\u00f3n (DWI) y el mapa de ADC en la evoluci\u00f3n neurol\u00f3gica de los pacientes con Ictus<\/span>[\/vc_column_text][\/vc_column_inner][\/vc_row_inner][vc_row_inner][vc_column_inner width=\u00bb1\/6&#8243;][vc_single_image image=\u00bb161&#8243; img_size=\u00bb75&#8243; alignment=\u00bbcenter\u00bb][\/vc_column_inner][vc_column_inner width=\u00bb5\/6&#8243;][vc_column_text]<span class=\"background-details\"><strong>Universidad Complutense de Madrid<br \/>\n<\/strong>Licenciatura en Medicina<br \/>\n1998-2004<\/span>[\/vc_column_text][\/vc_column_inner][\/vc_row_inner][\/vc_column][vc_column width=\u00bb6\/12&#8243; el_id=\u00bbformacion_complemetaria\u00bb][vc_text_separator title=\u00bbFormaci\u00f3n Complementaria\u00bb i_icon_fontawesome=\u00bbfa fa-graduation-cap\u00bb i_color=\u00bbcustom\u00bb i_background_style=\u00bbrounded\u00bb i_background_color=\u00bbcustom\u00bb border_width=\u00bb3&#8243; add_icon=\u00bbtrue\u00bb i_custom_color=\u00bb#ffffff\u00bb i_custom_background_color=\u00bb#01abaa\u00bb el_id=\u00bbformacion_complemetaria\u00bb][vc_column_text css=\u00bb.vc_custom_1543578492342{margin-top: -50px !important;margin-left: 70px !important;}\u00bb]<\/p>\n<p style=\"text-align: center;\">(Cursos y Congresos)<\/p>\n<p>[\/vc_column_text][vc_basic_grid post_type=\u00bbids\u00bb element_width=\u00bb12&#8243; item=\u00bb262&#8243; grid_id=\u00bbvc_gid:1756189445576-b3e33e00f1f57025bf7dd92379a5be09-1&#8243; include=\u00bb247, 245&#8243; css=\u00bb.vc_custom_1543822129521{margin-right: 20% !important;margin-left: 20% !important;}\u00bb][\/vc_column][\/vc_row][vc_row full_width=\u00bbstretch_row\u00bb el_id=\u00bbpublicaciones\u00bb el_class=\u00bbcaja_verde\u00bb css=\u00bb.vc_custom_1543936741431{margin-bottom: 20px !important;}\u00bb][vc_column css_animation=\u00bbnone\u00bb css=\u00bb.vc_custom_1543932303353{background-position: 0 0 !important;background-repeat: repeat !important;}\u00bb][vc_text_separator title=\u00bbPublicaciones\u00bb i_icon_fontawesome=\u00bbfa fa-book\u00bb i_color=\u00bbcustom\u00bb i_background_style=\u00bbrounded\u00bb i_background_color=\u00bbcustom\u00bb color=\u00bbwhite\u00bb border_width=\u00bb3&#8243; add_icon=\u00bbtrue\u00bb i_custom_color=\u00bb#01abaa\u00bb i_custom_background_color=\u00bb#ffffff\u00bb][vc_basic_grid post_type=\u00bbids\u00bb gap=\u00bb10&#8243; item=\u00bb388&#8243; initial_loading_animation=\u00bbnone\u00bb grid_id=\u00bbvc_gid:1756189445645-81011e22ac247f9605530e95e73ea03f-1&#8243; include=\u00bb86, 88, 94&#8243;][\/vc_column][\/vc_row][vc_row el_id=\u00bbcongresos\u00bb][vc_column width=\u00bb1\/2&#8243;][vc_text_separator title=\u00bbPresentaciones Y Comunicaciones en Congresos\u00bb i_icon_fontawesome=\u00bbfa fa-users\u00bb i_color=\u00bbcustom\u00bb i_background_style=\u00bbrounded\u00bb i_background_color=\u00bbcustom\u00bb border_width=\u00bb3&#8243; add_icon=\u00bbtrue\u00bb i_custom_color=\u00bb#ffffff\u00bb i_custom_background_color=\u00bb#01abaa\u00bb][vc_basic_grid post_type=\u00bbids\u00bb element_width=\u00bb6&#8243; gap=\u00bb10&#8243; item=\u00bb72&#8243; initial_loading_animation=\u00bbnone\u00bb grid_id=\u00bbvc_gid:1756189445701-f19c62e54434c4134f85e1ad3b7e972a-0&#8243; include=\u00bb283, 285&#8243;][\/vc_column][vc_column width=\u00bb1\/2&#8243;][vc_text_separator title=\u00bbPremios Obtenidos en Relaci\u00f3n con la Profesi\u00f3n\u00bb i_icon_fontawesome=\u00bbfa fa-trophy\u00bb i_color=\u00bbcustom\u00bb i_background_style=\u00bbrounded\u00bb i_background_color=\u00bbcustom\u00bb border_width=\u00bb3&#8243; add_icon=\u00bbtrue\u00bb i_custom_color=\u00bb#ffffff\u00bb i_custom_background_color=\u00bb#01abaa\u00bb el_id=\u00bbpremios\u00bb][vc_column_text]<strong>Certificado de M\u00e9rito en el XXXIV \u00a0\u00a0Congreso Nacional de la SERAM<\/strong>. 24-27\u00a0 de Mayo de 2018.<br \/>\n\u00abCorrelaci\u00f3n morfol\u00f3gica de las captaciones de FDG en el coraz\u00f3n\u00bb<\/p>\n<p><strong>Certificado Cum Laude M\u00e9rito en el XXXIV \u00a0\u00a0Congreso Nacional de la SERAM<\/strong>. 24-27\u00a0 de Mayo de 2018.<br \/>\n\u00abUtilidad de la RM fetal en el estudio del tracto gastrointestina\u00bb[\/vc_column_text][vc_btn title=\u00bbVer todos\u00bb color=\u00bbturquoise\u00bb align=\u00bbcenter\u00bb link=\u00bburl:https%3A%2F%2Fwww.raquelcanoalonso.com%2F%3Fpage_id%3D304|title:Premios%20Obtenidos%20en%20Relaci%C3%B3n%20con%20la%20Profesi%C3%B3n||\u00bb][\/vc_column][\/vc_row]<\/p>\n","protected":false},"excerpt":{"rendered":"<p>[vc_section el_id=\u00bbpersonal\u00bb][vc_row gap=\u00bb10&#8243;][vc_column width=\u00bb4\/12&#8243; css=\u00bb.vc_custom_1543566162198{border-top-width: 2px !important;border-right-width: 2px !important;border-bottom-width: 2px !important;border-left-width: 2px !important;border-left-color: #01abaa !important;border-left-style: solid !important;border-right-color: #01abaa !important;border-right-style: solid !important;border-top-color: #01abaa !important;border-top-style: solid !important;border-bottom-color: #01abaa !important;border-bottom-style: solid !important;border-radius: 5px !important;}\u00bb][vc_single_image image=\u00bb185&#8243; img_size=\u00bb\u00bb alignment=\u00bbcenter\u00bb style=\u00bbvc_box_border\u00bb][vc_column_text] Especialista de Diagn\u00f3stico por Imagen de Hospital Universitario Quir\u00f3nsalud Madrid Licenciada en Medicina por la Universidad Complutense de Madrid, y [&hellip;]<\/p>\n","protected":false},"author":1,"featured_media":0,"parent":0,"menu_order":0,"comment_status":"closed","ping_status":"closed","template":"","meta":{"_acf_changed":false,"footnotes":""},"class_list":["post-14","page","type-page","status-publish","hentry"],"acf":[],"_links":{"self":[{"href":"https:\/\/www.raquelcanoalonso.com\/index.php?rest_route=\/wp\/v2\/pages\/14","targetHints":{"allow":["GET"]}}],"collection":[{"href":"https:\/\/www.raquelcanoalonso.com\/index.php?rest_route=\/wp\/v2\/pages"}],"about":[{"href":"https:\/\/www.raquelcanoalonso.com\/index.php?rest_route=\/wp\/v2\/types\/page"}],"author":[{"embeddable":true,"href":"https:\/\/www.raquelcanoalonso.com\/index.php?rest_route=\/wp\/v2\/users\/1"}],"replies":[{"embeddable":true,"href":"https:\/\/www.raquelcanoalonso.com\/index.php?rest_route=%2Fwp%2Fv2%2Fcomments&post=14"}],"version-history":[{"count":147,"href":"https:\/\/www.raquelcanoalonso.com\/index.php?rest_route=\/wp\/v2\/pages\/14\/revisions"}],"predecessor-version":[{"id":499,"href":"https:\/\/www.raquelcanoalonso.com\/index.php?rest_route=\/wp\/v2\/pages\/14\/revisions\/499"}],"wp:attachment":[{"href":"https:\/\/www.raquelcanoalonso.com\/index.php?rest_route=%2Fwp%2Fv2%2Fmedia&parent=14"}],"curies":[{"name":"wp","href":"https:\/\/api.w.org\/{rel}","templated":true}]}}