{"id":247,"date":"2018-11-30T08:48:57","date_gmt":"2018-11-30T08:48:57","guid":{"rendered":"https:\/\/www.raquelcanoalonso.com\/?page_id=247"},"modified":"2025-08-22T08:57:16","modified_gmt":"2025-08-22T08:57:16","slug":"formacion-nacional","status":"publish","type":"page","link":"https:\/\/www.raquelcanoalonso.com\/?page_id=247","title":{"rendered":"Formaci\u00f3n Nacional"},"content":{"rendered":"<ul>\n<li><strong>XXXIV Congreso Nacional de la SERAM<\/strong>. Palacio de congresos Baluarte. Pamplona. 24-27 de Mayo de 2018<\/li>\n<li><strong>Taller intensivo: Resonancia Magn\u00e9tica y C\u00e1ncer de pr\u00f3stata. Todo en uno.<\/strong> Colegio de M\u00e9dicos de Madrid, 23 de Marzo de 2018.<\/li>\n<li><strong>Jornada de actualizaci\u00f3n en el tratamiento de la enfermedad maligna de la superficie peritoneal. <\/strong>Hospital Universitario de Fuenlabrada, 8 de Marzo de 2018.<\/li>\n<li><strong>C\u00e1ncer de colon y recto: Situaci\u00f3n actual y v\u00edas futuras en su manejo diagn\u00f3stico-terap\u00e9utico. <\/strong>Hospital Universitario Moncloa, Madrid, 6-7 de octubre 2016.<\/li>\n<li><strong>4\u00aa Jornada oncol\u00f3gica multidisciplinar: actualizaci\u00f3n y desarrollo terape\u00fatico en c\u00e1ncer g\u00e1strico<\/strong>. Auditorio Hospital Universitario Quir\u00f3nsalud 27 de noviembre de 2015.<\/li>\n<li><strong>I Jornada oncol\u00f3gica multidisciplinar: Controversias en c\u00e1ncer de pr\u00f3stata<\/strong>. \u00a0Hospital Universitario Quir\u00f3n Madrid. 29 de mayo de 2014 (acreditada por la Comisi\u00f3n de Formaci\u00f3n continuada de las Profesiones Sanitarias de Arag\u00f3n, con 0.6 cr\u00e9ditos de formaci\u00f3n continuada)<\/li>\n<li><strong>XXXII Congreso Nacional de la SERAM. <\/strong> 22-25 de Mayo de 2014<\/li>\n<li><strong>XXXI Congreso Nacional de la SERAM. <\/strong> 25-28 de Mayo de 2012.<\/li>\n<li><strong>Curso de Manejo, an\u00e1lisis e interpretaci\u00f3n de la informaci\u00f3n.<\/strong> Hospital Universitario Quir\u00f3n Madrid. 28 de Septiembre de 2010.<\/li>\n<li><strong>XXX Congreso Nacional de la SERAM. Palexco, A Coru\u00f1a, 28-31 de Mayo de 2010.<\/strong><\/li>\n<li><strong>Segundo curso de actualizaci\u00f3n en t\u00e9cnicas de imagen m\u00e9dica avanzadas<\/strong>. Auditorio del Hospital Cl\u00ednico (Madrid). 15-17 de Febrero de 2010<\/li>\n<li><strong>Curso Te\u00f3rico-Pr\u00e1ctico De Imagen Cardiovascular No Invasiva<\/strong>. Fundaci\u00f3n Jim\u00e9nez D\u00edaz (Madrid). 2-3 de Febrero de 2009. (Acreditado por SEAFORMEC con 3,6 cr\u00e9ditos equivalentes a 16. 5 horas lectivas).<\/li>\n<li><strong>Curso De Formaci\u00f3n Por Imagen De La Mama: \u201cDiagn\u00f3stico E Intervencionismo Mamario\u201d.<\/strong> Hospital Universitario 12 de Octubre, Madrid. Del 27 al 31 de Octubre de 2008. (Acreditado por la Comisi\u00f3n de Formaci\u00f3n Continuada con 4 cr\u00e9ditos)<\/li>\n<li><strong>XXIX Congreso Nacional de la SERAM. Sevilla, 23-26 de Mayo de 2008<\/strong><\/li>\n<li><strong>Curso<\/strong> <strong>De Protecci\u00f3n Radiol\u00f3gica Para Residentes De Radiodiagn\u00f3stico<\/strong>. Impartido por el Servicio de Radiof\u00edsica hospitalaria del Hospital Universitario 12 de Octubre. Febrero y Marzo de 2008.<\/li>\n<li><strong>VI Curso De Ecograf\u00eda Para Residentes De Tercer A\u00f1o De La Sociedad Espa\u00f1ola De Ultrasonidos (SEUS).<\/strong> Melilla, 8-10 de Noviembre de 2007. (Equivalente a 30 horas lectivas).<\/li>\n<li><strong>Primera Reuni\u00f3n Nacional De Radiolog\u00eda De Urgencias: Radiolog\u00eda En Las Cat\u00e1strofes<\/strong>. Ilustre colegio de M\u00e9dicos de Madrid. 29 de Octubre de 2007, Madrid (acreditado por la SERAM\u00a0 con 10 cr\u00e9ditos\/hora)<\/li>\n<li><strong>XII Reuni\u00f3n Internacional De Diagn\u00f3stico Por Imagen De La Asociaci\u00f3n De Radi\u00f3logos De La Regi\u00f3n Centro (ARC).<\/strong> Tema \u201cTC Multicorte En T\u00f3rax Y Abdomen\u201d. Hospital Universitario Doce de Octubre, Madrid. 4 y 5 de Octubre de 2007. (Acreditado por la SEAFORMEC con 1.9 cr\u00e9ditos, equivalente a 12 horas lectivas)<\/li>\n<li><strong>VIII Congreso De La Asociaci\u00f3n De Radi\u00f3logos De La Regi\u00f3n Centro (ARC).<\/strong> Cuenca, 14 y 15 de Junio de 2007. (Curso acreditado por la SERAM, con 12.5 cr\u00e9ditos \/ hora)<\/li>\n<li><strong>XXIII Curso Internacional De La Sociedad Espa\u00f1ola De Ultrasonidos<\/strong>. Madrid,\u00a0 22 y 23 de\u00a0 Marzo de\u00a0 2007 (acreditado con 2.5 cr\u00e9ditos, equivalentes a 14 horas lectivas).<\/li>\n<li><strong>Curso De Protecci\u00f3n Radiol\u00f3gica <\/strong><strong>Para Residentes De Radiodiagn\u00f3stico<\/strong>. Impartido por el Servicio de Radiof\u00edsica hospitalaria del Hospital Universitario 12 de Octubre. Febrero de 2007.<\/li>\n<li><strong>Curso De Patolog\u00eda Tumoral \u00d3sea: VII Tutorial De Tumores y Lesiones Pseudotumorales De Hueso<\/strong>. Hospital Universitario 12 de Octubre, Madrid, 29 de Noviembre- 2 de Diciembre de 2006 (acreditado con 4,3 cr\u00e9ditos, equivalentes a 25 horas lectivas).<\/li>\n<li><strong>Jornadas Radiol\u00f3gicas Del Hospital De Getafe<\/strong>. Chinch\u00f3n (Madrid), 26 de Octubre de 2006.<\/li>\n<li><strong>XVII Curso Internacional De Correlaci\u00f3n Radio-Patol\u00f3gica (AFIP). <\/strong>Madrid, 12-15 de junio de 2006.<\/li>\n<li><strong>Curso De Reanimaci\u00f3n Cardiopulmonar B\u00e1sica y Avanzada <\/strong>(Madrid, 17-21 de Abril de 2006, Hospital 12 de octubre).<\/li>\n<li><strong>VIII Reuni\u00f3n Secci\u00f3n M\u00fasculoesquel\u00e9tico SERAM (SERME). <\/strong>(Madrid, 24 de febrero de 2006, aula del Auditorio Philips).<\/li>\n<li><strong>XI Reuni\u00f3n Internacional De Diagn\u00f3stico Por La Imagen. Tema: \u201cRadiolog\u00eda De Urgencias\u201d<\/strong>. (Madrid, 6 y 7 de Octubre de 2005, Hospital 12 de Octubre).<\/li>\n<\/ul>\n","protected":false},"excerpt":{"rendered":"<p>XXXIV Congreso Nacional de la SERAM. Palacio de congresos Baluarte. Pamplona. 24-27 de Mayo de 2018 Taller intensivo: Resonancia Magn\u00e9tica y C\u00e1ncer de pr\u00f3stata. Todo en uno. Colegio de M\u00e9dicos de Madrid, 23 de Marzo de 2018. Jornada de actualizaci\u00f3n en el tratamiento de la enfermedad maligna de la superficie peritoneal. Hospital Universitario de Fuenlabrada, [&hellip;]<\/p>\n","protected":false},"author":1,"featured_media":55,"parent":0,"menu_order":0,"comment_status":"closed","ping_status":"closed","template":"","meta":{"_acf_changed":false,"footnotes":""},"class_list":["post-247","page","type-page","status-publish","hentry"],"acf":[],"_links":{"self":[{"href":"https:\/\/www.raquelcanoalonso.com\/index.php?rest_route=\/wp\/v2\/pages\/247","targetHints":{"allow":["GET"]}}],"collection":[{"href":"https:\/\/www.raquelcanoalonso.com\/index.php?rest_route=\/wp\/v2\/pages"}],"about":[{"href":"https:\/\/www.raquelcanoalonso.com\/index.php?rest_route=\/wp\/v2\/types\/page"}],"author":[{"embeddable":true,"href":"https:\/\/www.raquelcanoalonso.com\/index.php?rest_route=\/wp\/v2\/users\/1"}],"replies":[{"embeddable":true,"href":"https:\/\/www.raquelcanoalonso.com\/index.php?rest_route=%2Fwp%2Fv2%2Fcomments&post=247"}],"version-history":[{"count":4,"href":"https:\/\/www.raquelcanoalonso.com\/index.php?rest_route=\/wp\/v2\/pages\/247\/revisions"}],"predecessor-version":[{"id":269,"href":"https:\/\/www.raquelcanoalonso.com\/index.php?rest_route=\/wp\/v2\/pages\/247\/revisions\/269"}],"wp:featuredmedia":[{"embeddable":true,"href":"https:\/\/www.raquelcanoalonso.com\/index.php?rest_route=\/wp\/v2\/media\/55"}],"wp:attachment":[{"href":"https:\/\/www.raquelcanoalonso.com\/index.php?rest_route=%2Fwp%2Fv2%2Fmedia&parent=247"}],"curies":[{"name":"wp","href":"https:\/\/api.w.org\/{rel}","templated":true}]}}