{"id":285,"date":"2018-12-03T06:56:56","date_gmt":"2018-12-03T06:56:56","guid":{"rendered":"https:\/\/www.raquelcanoalonso.com\/?page_id=285"},"modified":"2018-12-03T07:20:05","modified_gmt":"2018-12-03T07:20:05","slug":"presentaciones-y-congresos-nacionales","status":"publish","type":"page","link":"https:\/\/www.raquelcanoalonso.com\/?page_id=285","title":{"rendered":"Presentaciones y Congresos Nacionales"},"content":{"rendered":"<ol>\n<li>XXXIV <strong>Congreso Nacional de la SERAM. 24-27\u00a0 de Ma<\/strong>yo de 2018\n<ol>\n<li>Utilidad del SPECT-CT \u00f3seo diagn\u00f3stico en la valoraci\u00f3n de la movilizaci\u00f3n de las pr\u00f3tesis total de cadera y rodilla. Antonio Maldonado Suarez, Jose Alberto Zafra, Javier Carrascoso Arranz, Julio Fernandez Mata, Raquel Cano Alonso, Vicente Mart\u00ednez De Vega<\/li>\n<li>Utilidad de la RM fetal en el estudio del tracto gastrointestinal. Manuel Recio Rodr\u00edguez, , Raquel Cano Alonso, Vicente Mart\u00ednez De Vega Fern\u00e1ndez, Chawar Hayoun Chaara, Silvia Badillo Rodr\u00edguez-Portugal, Ana \u00c1lvarez V\u00e1zquez.. <strong>\u00a0CERTIFICADO CUM LAUDE<\/strong><\/li>\n<li>Repercusion cl\u00ednica del uso de la PET-CT en oncolog\u00eda. Importancia de la imagen morfo-metab\u00f3lica. Antonio Maldonado Suarez,, Raquel Cano Alonso, , Mar Jim\u00e9nez De La Pe\u00f1a, Nuria Lopez Garro, Ana Fernandez Alfonso, Jose Federico Gonzalez Gonzalez .<\/li>\n<li>Utilidad cl\u00ednica del SPECT-CT diagnostico en la pr\u00e1ctica asistencial hospitalaria. Antonio Maldonado Suarez, Vicente Mart\u00ednez De Vega, Ute Vera Schm\u00fclling, Silvia Fuertes Cabero, Raquel Cano Alonso, Paula Orenes Castrillo.<\/li>\n<li>Correlaci\u00f3n morfol\u00f3gica de las captaciones de FDG en el coraz\u00f3n. Ana \u00c1lvarez V\u00e1zquez, . Antonio Maldonado Suarez, . Manuel Recio Rodr\u00edguez, Chawar Hayoun Chaara, Raquel Cano Alonso, \u00a0Vicente Mart\u00ednez De Vega Fern\u00e1ndez.<strong> CERTIFICADO DE MERITO<\/strong><\/li>\n<li>La punta del Iceberg: Las urgencias urogenitales como manifestaci\u00f3n cl\u00ednica inicial de s\u00edndromes m\u00e1s complejos&#8230; Silvia Badillo Rodr\u00edguez-Portugal, Manuel Recio Rodr\u00edguez, Raquel Cano Alonso,\u00a0 Susana Linares Gonzalez, Diana Mollinedo, Vicente Mart\u00ednez De Vega Fern\u00e1ndez.<\/li>\n<\/ol>\n<\/li>\n<li>XXXIII <strong>Congreso Nacional de la SERAM. 19-22\u00a0 de Ma<\/strong>yo de 2016.\n<ol>\n<li>Importancia de la RM fetal en el diagn\u00f3stico precoz de esclerosis tuberosa. Manuel Recio Rodr\u00edguez, Raquel Cano Alonso, Manuela L\u00f3pez Azor\u00edn, Javier Carrascoso Herranz, Daniel Mart\u00edn Fern\u00e1ndez-Mayoralas, Ines Tamarit Degenhardt<strong>. CERTIFICADO DE MERITO<\/strong><\/li>\n<li>Imagen en epilepsia: m\u00e1s all\u00e1 de la etiolog\u00eda. Maria Del Mar Jim\u00e9nez De La Pe\u00f1a, Raquel Cano Alonso, Antonio Maldonado Suarez, Anne Gomez- Caicoya, Ana Fern\u00e1ndez Alfonso, Vicente Mart\u00ednez De Vega. <strong>CERTIFICADO DE MERITO<\/strong><\/li>\n<li>\u00bfC\u00f3mo afecta el alcohol al Sistema Nervioso Central? Hallazgos en pruebas de imagen. Julio Fern\u00e1ndez Mata, Mar Jim\u00e9nez De La Pe\u00f1a, Isaac Daimiel Naranjo, Javier Carrascoso Arranz, Raquel Cano Alonso, Vicente Martinez De Vega.<\/li>\n<li>Papel de la ecograf\u00eda y de la RM fetal y postnatal en la valoraci\u00f3n de la infecci\u00f3n cerebral cong\u00e9nita por citomegalovirus. Manuel Recio Rodr\u00edguez, Raquel Cano Alonso, Manuela L\u00f3pez Azor\u00edn, In\u00e9s Tamarit Degenhardt, Pilar Mart\u00ednez Ten, Vicente Mart\u00ednez De Vega Fern\u00e1ndez. <strong>CERTIFICADO DE MERITO<\/strong><\/li>\n<\/ol>\n<\/li>\n<li><strong>XXXII Congreso Nacional de la SERAM. 22-25 de Ma<\/strong>yo de 2014.\n<ol>\n<li>S-0284: Diagn\u00f3stico prenatal de las anomal\u00edas tor\u00e1cicas fetales por RM. <u>Tercer autor<\/u>. M. Recio Rodr\u00edguez, P. Mart\u00ednez Ten, R. Cano Alonso, V. Mart\u00ednez de Vega, J. Carrascoso Arranz, M. Jim\u00e9nez De La Pe\u00f1a. DOI: 10.1594\/seram2014\/S-0284.<\/li>\n<li>S-1048: RM en la patolog\u00eda submucosa rectal: Lo que la colonoscopia no ve. <u>Cuarto autor.<\/u> \u00c1lvarez Vazquez, C. Hayoun, L. Herraiz Hidalgo, R. Cano Alonso, A. Fern\u00e1ndez Alfonso, V. Mart\u00ednez de Vega. DOI:10.1594\/seram2014\/S-1048.<strong> CERTIFICADO DE MERITO<\/strong><\/li>\n<li>S-1165 Utilidad de la difusi\u00f3n en los tumores \u00f3seos y de partes blandas. Correlaci\u00f3n ADC-Hallazgos histol\u00f3gicos<u>. Cuarto autor<\/u>. Carrascoso Arranz, A. Acevedo, L. Herraiz Hidalgo, R. Cano Alonso, J. R. Larrubia Marfil, V. Martinez de Vega. DOI: 10.1594\/seram2014\/S-1165<strong>. CERTIFICADO CUM LAUDE<\/strong><\/li>\n<\/ol>\n<\/li>\n<li><strong>XXXI Congreso Nacional de la SERAM. <\/strong> 25-28 de Mayo de 2012\n<ol>\n<li>S-0073: F\u00edstulas espont\u00e1neas de LCR de la base del cr\u00e1neo en el adulto: Poco frecuentes, pero importantes. Presentaci\u00f3n Electr\u00f3nica Educativa. <u>Primer autor.<\/u><u> Cano Alonso<\/u>, M. Jim\u00e9nez De La Pe\u00f1a, A. Gomez Caicoya, M. Recio Rodr\u00edguez, E. \u00c1lvarez Moreno, L. Herraiz Hidalgo. DOI: 10.1594\/seram2012\/S-0073<\/li>\n<li>S-0294. RM del codo en el adulto: Una revisi\u00f3n ilustrada de las patolog\u00edas m\u00e1s frecuentes. Presentaci\u00f3n Electr\u00f3nica Educativa. <u>Primer autor.<\/u> <u> Cano Alonso<\/u>, L. Herraiz Hidalgo, J. Carrascoso, E. \u00c1lvarez Moreno, J. J. G\u00f3mez Herrera, V. Mart\u00ednez de Vega. DOI: 10.1594\/seram2012\/S-0294.<\/li>\n<li>S-0676. S\u00edndrome del\u00a0Os Peroneo Doloroso: Hallazgos por imagen a prop\u00f3sito de\u00a07 casos<strong>. <\/strong>Presentaci\u00f3n Electr\u00f3nica Educativa. <u>Tercer autor<\/u>. Herraiz Hidalgo, J. Carrascoso, <u>R. Cano Alonso,<\/u> J. J. G\u00f3mez Herrera, E. \u00c1lvarez Moreno<sup>,<\/sup> V. Mart\u00ednez de Vega<sup>. <\/sup>DOI: 10.1594\/seram2012\/S-0676.<\/li>\n<li>S-0485. Imagen de\u00a0difusi\u00f3n en\u00a03T: Evaluaci\u00f3n del\u00a0carcinoma prost\u00e1tico. Presentaci\u00f3n Electr\u00f3nica Educativa<u>. Tercer autor.<\/u> Recio Rodr\u00edguez, M. Jim\u00e9nez De La Pe\u00f1a, <u>R. Cano Alonso<\/u>, E. del Cerro Pe\u00f1alver<sup>, <\/sup>F. Cou\u00f1ago Lorenzo, A. Maldonado<sup>. <\/sup>DOI: 10.1594\/seram2012\/S-0485<strong>. CERTIFICADO DE MERITO<\/strong><strong>.<u>\u00a0 <\/u><\/strong><\/li>\n<li>S-0672. Valoraci\u00f3n prequir\u00fargica de\u00a0endometriosis intestinal por resonancia magn\u00e9tica. Presentaci\u00f3n Electr\u00f3nica Educativa.<u> Cuarto autor.<\/u> Herraiz Hidalgo, E. Alvarez Moreno, M. Jimenez De La Pe\u00f1a, <u>R. Cano Alonso<\/u>, J. J. G\u00f3mez Herrera, V. Martinez de Vega<sup>. <\/sup>DOI: 10.1594\/seram2012\/S-0672.<\/li>\n<li>S-0495. Braquiterapia guiada por RM en\u00a0el tratamiento del\u00a0c\u00e1ncer de\u00a0c\u00e9rvix. GU\u00cdA pr\u00e1ctica para el\u00a0radi\u00f3logo. Presentaci\u00f3n Electr\u00f3nica Educativa<u>. Cuarto autor.<\/u> Jimenez De La Pe\u00f1a, E. del Cerro Pe\u00f1alver, E. Alvarez Moreno, <u>R. Cano Alonso<\/u>, E. Fern\u00e1ndez Delgado, V. Martinez de Vega. DOI: 10.1594\/seram2012\/S-0495. <strong>CERTIFICADO DE MERITO<\/strong><\/li>\n<li>S-1410. Enfermedades neurodegenerativas: avances en\u00a0la imagen funcional. Presentaci\u00f3n Electr\u00f3nica Educativa.<u> Cuarto autor.<\/u> Jimenez De La Pe\u00f1a, J. Pardo Moreno, A. Maldonado, <u>R. Cano Alonso<\/u>, M. Recio Rodr\u00edguez, J. Carrascoso. DOI: 10.1594\/seram2012\/S-1410. <strong>CERTIFICADO CUM LAUDE<\/strong><\/li>\n<li>S-0902. Endometriosis. Qu\u00e9 debe saber el radi\u00f3logo. Presentaci\u00f3n Electr\u00f3nica Educativa. <u>Quinto autor.<\/u> Alvarez Moreno, L. Herraiz Hidalgo, M. Jimenez De La Pe\u00f1a, M. Espada Vaquero, <u>R. Cano Alonso<\/u>, M. Recio Rodr\u00edguez.<strong> DOI: <\/strong>10.1594\/seram2012\/S-0902<strong>. CERTIFICADO DE MERITO<\/strong><strong>.<u>\u00a0 <\/u><\/strong><\/li>\n<li>Comunicaci\u00f3n oral. Estudio preliminar del\u00a0valor pron\u00f3stico pretratamiento del\u00a0valor del\u00a0Coeficiente de\u00a0Difusi\u00f3n Aparen te (ADC) en\u00a0secuencias de\u00a0difusi\u00f3n por Resonancia Magn\u00e9tica del\u00a0Adenocarcinoma de\u00a0Recto en\u00a0respues ta al tratamiento Quimioradioter\u00e1pico. <u>Tercer autor<\/u>: Herr\u00e1iz Hidalgo, M. Recio Rodr\u00edguez<u>, R. Cano Alonso<\/u>, J. Carrascoso Arranz, J.J. G\u00f3mez Herrera y V. Mart\u00ednez de Vega<\/li>\n<li>Comunicaci\u00f3n oral. Aspectos relevantes en\u00a0la realizaci\u00f3n de\u00a0biopsias percut\u00e1neas con vac\u00edo (BAV) de\u00a0mama guiadas por RM: experiencia en\u00a0500 casos. <u>Sexto autor.<\/u> Mart\u00ednez de Vega, S. Linares Gonz\u00e1lez, M. Recio Rodr\u00edguez,J.J. G\u00f3mez Herrera, J. Carrascoso Arranz, <u>R. Cano Alonso<\/u><\/li>\n<\/ol>\n<\/li>\n<li><strong>XXX Congreso Nacional de la SERAM. <\/strong>A Coru\u00f1a<strong>, <\/strong>\u00a028-31 de Mayo de 2010.\n<ol>\n<li>\u201cRadionecrosis y otros cambios inducidos por radioterapia en gliomas y metastasis cerebrales: Aproximaci\u00f3n al diagnostico por RM\u201d. Presentaci\u00f3n Electr\u00f3nica Educativa<u> . Primer autor.<\/u> <u>Raquel Cano Alonso; <\/u>Mar Jim\u00e9nez de la Pe\u00f1a ; Manuel Recio Rodriguez ; Javier Carrascoso Arranz; Javier Pardo Moreno; Agust\u00edn Acevedo Barber\u00e1<\/li>\n<li>1074. \u201cPapel del diagn\u00f3stico por imagen en la nueva clasificaci\u00f3n TNM del carcinoma broncog\u00e9nico no microc\u00edtico: \u00bfQu\u00e9 hay de nuevo?\u201d: Presentaci\u00f3n Electr\u00f3nica Educativa<u> .Primer autor.<\/u> <u>Raquel Cano Alonso; <\/u>Elena \u00c1lvarez Moreno; Luis Herr\u00e1iz Hidalgo; Manuel Recio Rodr\u00edguez; Vicente Mart\u00ednez De vega; Mar Jim\u00e9nez de la Pe\u00f1a.<\/li>\n<li>542. \u201cRM 3.0T con protocolo de alta resoluci\u00f3n para el estudio de la patolog\u00eda benigna de recto y ano\u201d. Presentaci\u00f3n Electr\u00f3nica Educativa. <u>Segundo autor:<\/u> Luis Herraiz Hidalgo; <u>Raquel Cano Alonso<\/u>; Elena Alvarez Moreno; Manuel Recio Rodriguez; Javier Carrascoso Arranz; Vicente Martinez de Vega Fernandez<\/li>\n<li>435. \u201cRM 3.0T de alta resoluci\u00f3n para estadificaci\u00f3n de carcinoma de recto: Valor de la secuencia de difusi\u00f3n\u201d. Presentaci\u00f3n Electr\u00f3nica Educativa<u>. Segundo autor.<\/u> Luis Herraiz Hidalgo; <u>Raquel Cano Alonso<\/u>; Manuel Recio Rodriguez; Elena Alvarez Moreno; Javier Carrascoso Arranz; Vicente Martinez de Vega Fernandez<\/li>\n<li>515. \u201cPapel del CT, PET-CT y RM en el estudio por imagen del c\u00e1ncer g\u00e1strico y de la uni\u00f3n gastroesof\u00e1gica\u201d. Presentaci\u00f3n Electr\u00f3nica Educativa<u> . Segundo autor.<\/u> Luis Herraiz Hidalgo; <u>Raquel Cano Alonso<\/u>; Mar Jimenez de la Pe\u00f1a; Elena Alvarez Moreno; Manuel Recio Rodriguez; Vicente Martinez de Vega Fernandez.<\/li>\n<li>448. \u201cUtilidad de la RM con secuencia de difusi\u00f3n en el estudio del c\u00e1ncer g\u00e1strico y uni\u00f3n gastroesof\u00e1gica. Experiencia preliminar como posible alternativa al PET-CT\u201d. Presentaci\u00f3n Electr\u00f3nica Educativa<u> . Cuarto autor<\/u>. Luis Herraiz Hidalgo; Manuel Recio Rodriguez; Elena Alvarez Moreno; Mar Jimenez de la Pe\u00f1a; <u>Raquel Cano Alonso<\/u>; Vicente Martinez de Vega Fernandez<\/li>\n<li>455. \u201cRM 3.0T con protocolo de alta resoluci\u00f3n para el estudio del c\u00e1ncer de recto y canal anal\u201d. Presentaci\u00f3n Electr\u00f3nica Educativa<u> . Quinto autor.<\/u> Luis Herraiz Hidalgo; Mar Jimenez de la Pe\u00f1a; Javier Carrascoso Arranz; Manuel Recio Rodriguez; <u>Raquel Cano Alonso<\/u>; Vicente Martinez de Vega Fernandez. CERTIFICADO\u00a0 DE MERITO.<\/li>\n<li>449. \u201cPitfalls en estudios de PET-TC ante sospecha de patolog\u00eda tumoral tor\u00e1cica\u201d. Presentaci\u00f3n Electr\u00f3nica Educativa<u> . Cuarto autor.<\/u> Luis Herraiz Hidalgo; Elena Alvarez Moreno; Mar Jimenez de la Pe\u00f1a; <u>Raquel Cano Alonso<\/u>; Javier Carrascoso Arranz; Vicente Martinez de Vega Fernandez<\/li>\n<li>438. \u201cEnteroRM: Revisi\u00f3n de la t\u00e9cnica para estudio de EII\u201d .Presentaci\u00f3n Electr\u00f3nica Educativa. <u>Cuarto autor.<\/u> Luis Herraiz Hidalgo; Elena Alvarez Moreno; Javier Carrascoso Arranz;<u> Raquel Cano Alonso; <\/u>Manuel Recio Rodriguez; Vicente Martinez de Vega Fernandez. CUM LAUDE.<\/li>\n<li>2233. \u201cLa m\u00e9dula espinal: La gran olvidada. Nuevas secuencias en 3.0T, anatom\u00eda y patolog\u00eda\u201d. Presentaci\u00f3n Electr\u00f3nica Educativa. <u>Cuarto autor<\/u>: Mar Jim\u00e9nez de la Pe\u00f1a; Javier Carrascoso Arranz; Javier Pardo Moreno; <u>Raquel Cano Alonso<\/u>; Elena \u00c1lvarez Moreno; Vicente Mart\u00ednez de Vega.<\/li>\n<li>2135. \u201cSecuencias de alta resoluci\u00f3n en RM de 3.0T para valoraci\u00f3n del cart\u00edlago rotuliano\u201d. Presentaci\u00f3n Electr\u00f3nica Educativa<u> .Quinto autor.<\/u> Javier Carrascoso Arranz; Manuel Recio Rodr\u00edguez; Mar Jim\u00e9nez de la Pe\u00f1a; Luis Herraiz Hidalgo; <u>Raquel Cano Alonso<\/u>; Vicente Mart\u00ednez de Vega<\/li>\n<li>1906. \u201cImagen de Tractograf\u00eda 3T: Anatom\u00eda y aplicaciones cl\u00ednicas\u201d. Presentaci\u00f3n Electr\u00f3nica Educativa .<u> Sexto autor: <\/u>M. Recio Rodr\u00edguez, L.Carlos Hern\u00e1ndez Gonz\u00e1lez, J. Carrascoso Arranz, M. Jim\u00e9nez de la Pe\u00f1a; L. Herr\u00e1iz Hidalgo; <u>R. Cano Alonso.<\/u><\/li>\n<li>Comunicaci\u00f3n oral: \u201cDisfunci\u00f3n del tend\u00f3n tibial posterior: \u00bfQu\u00e9 otras estructuras ligamentosas y tendinosas del tobillo est\u00e1n implicadas?\u201d. Presentaci\u00f3n Electr\u00f3nica Educativa<u> . Cuarto autor: <\/u>Luis Herraiz Hidalgo, Javier Carrascoso Arranz,Manuel Recio Rodr\u00edguez, <u>Raquel Cano Alonso<\/u>, Elena \u00c1lvarez Moreno, Vicente Mart\u00ednez de Vega Fern\u00e1ndez<\/li>\n<li>\u201cRM de mama: Correlaci\u00f3n histol\u00f3gica en 20 casos de captaci\u00f3n segmentaria\u201d. <strong>Presentaciones Electr\u00f3nicas Cient\u00edficas<\/strong><u>.Cuarto autor: <\/u>Vicente Mart\u00ednez de Vega, Manuel Recio Rodr\u00edguez, Mar Jim\u00e9nez de la Pe\u00f1a, <u>Raquel Alonso Cano<\/u>, Carmen Carreira G\u00f3mez, Miguel Chiva de Agust\u00edn<\/li>\n<\/ol>\n<\/li>\n<li><strong>VIII<\/strong><strong> Congreso de la sociedad espa\u00f1ola de diagn\u00f3stico por imagen del abdomen (SEDIA<\/strong><strong>). <\/strong>Granada, 27-28 Octubre de 2008.\n<ol>\n<li>\u201cUtilidad Del TCMD En Las Complicaciones Urgentes De La Nefrectom\u00eda Parcial\u201d: <u>Cuarto autor.<\/u><\/li>\n<\/ol>\n<\/li>\n<li><strong>IX Congreso de la Asociaci\u00f3n de Radi\u00f3logos de la Regi\u00f3n C\u00e1ceres, 15-17 de Octubre de 2009.<\/strong>\n<ol>\n<li><strong>\u201c<\/strong>Cuando el ri\u00f1\u00f3n sangra: TCMD y arteriograf\u00eda en el sangrado renal agudo de causa traum\u00e1tica y no traum\u00e1tica\u201d: <u>Quinto autor.<\/u><\/li>\n<\/ol>\n<\/li>\n<li><strong>XXIX Congreso Nacional de la SERAM. Sevilla, 23-26 de Mayo de 2008.<\/strong>\n<ol>\n<li>98 \u201cPapel del TC Multidetector (TCMD) en el Manejo de la Patolog\u00eda Urgente de la Pelvis Femenina\u201d. Presentaci\u00f3n Electr\u00f3nica Educativa: <u>Primer autor.<\/u> <u>Cano Alonso, Raquel;<\/u> Borruel Nacenta, Susana; D\u00edez Mart\u00ednez, Patricia; Ib\u00e1\u00f1ez Sanz, La\u00edn; Navallas Irujo, Mar\u00eda; Ort\u00edz de Mendivil Arrate., Ana.<\/li>\n<li>99 \u201cBueno, Bonito y Barato: Ecograf\u00eda con Contraste Intravenoso en la Caracterizaci\u00f3n de Masas Hep\u00e1ticas. Correlaci\u00f3n Con\u00a0 TC Y RM\u201d. Presentaci\u00f3n Electr\u00f3nica Educativa. <u>Primer autor.<\/u> <u>Raquel Cano Alonso; <\/u>Patricia D\u00edez Mart\u00ednez; Fernando Granados Caballero; Alberto Mart\u00ednez Arn\u00e1iz; Mar\u00eda Navallas Irujo; La\u00edn Ib\u00e1\u00f1ez Sanz<u>.<\/u><\/li>\n<li>101 \u201cMet\u00e1stasis de Tumores Malignos de Gl\u00e1ndulas Salivares: Un Hallazgo Infrecuente\u201d: Presentaci\u00f3n Electr\u00f3nica Educativa. <u>Primer autor. Raquel Cano Alonso<\/u>; Andrea Alcal\u00e1-Galiano Rubio; Ignacio Arribas Garc\u00eda; Patricia D\u00edez Mart\u00ednez; La\u00edn Ib\u00e1\u00f1ez Sanz; Pablo Espinosa Calleja. CERTIFICADO\u00a0 DE MERITO.<\/li>\n<li>405 \u201cTCMD y Arteriograf\u00eda en el Sangrado Activo Abdominal y P\u00e9lvico\u201d: Presentaci\u00f3n Electr\u00f3nica Educativa<u>. Tercer autor.<\/u> Patricia D\u00edez Mart\u00ednez; Andrea Alcal\u00e1-Galiano; <u>Raquel Cano Alonso<\/u>; La\u00edn Ib\u00e1\u00f1ez Sanz; Enrique Garc\u00eda-Hidalgo; Jos\u00e9 Rold\u00e1n Ramos<\/li>\n<li>527 \u201cV\u00f3lvulos del Tracto Gastrointestinal: Revisi\u00f3n Mediante TC Multidetector\u201d: Presentaci\u00f3n Electr\u00f3nica Educativa<u> \u00a0. Segundo autor.<\/u> La\u00edn Ib\u00e1\u00f1ez Sanz; <u>Raquel Cano Alonso<\/u>; Mar\u00eda Navallas Irujo; Ana Ortiz de Mendivil Arrate; Patricia D\u00edez Mart\u00ednez; Susana Borruel Nacenta. CERTIFICADO CUM LAUDE.<\/li>\n<li>404\u201cPapel del TCMD en el Manejo del Sangrado Activo de Causa Renal\u201d: Presentaci\u00f3n Electr\u00f3nica Educativa<u> .Tercer autor<\/u><u>.<\/u> Patricia D\u00edez Mart\u00ednez; Lain Ib\u00e1\u00f1ez Sanz; <u>Raquel Cano Alonso<\/u>; Maria Navallas Irujo; Ricardo San Rom\u00e1n Manso; Susana Borruel Nacenta<\/li>\n<li>116 \u201cInfecciones Parasitarias del Sistema Nervioso Central: Tendencias Actuales Debidas a la Inmigraci\u00f3n y el Turismo a Pa\u00edses Tropicales Y Subtropicales\u201d Presentaci\u00f3n Electr\u00f3nica Educativa.: <u>Tercer autor<\/u><u>.<\/u> Mar\u00eda Navallas Irujo; Ana Mart\u00ednez de Arag\u00f3n; <u>Raquel Cano Alonso<\/u>; Patricia D\u00edez Mart\u00ednez; Amaya Hilario Barrio; Esteban Salto<\/li>\n<li>403 \u201cCordomas: Correlaci\u00f3n Radio-Patol\u00f3gica. De La Visi\u00f3n Global Al Dato Clave\u201d: Presentaci\u00f3n Electr\u00f3nica Educativa<u> . Tercer autor<\/u><u>.<\/u> Patricia D\u00edez Mart\u00ednez; <u>Raquel Cano Alonso<\/u>; La\u00edn Ib\u00e1\u00f1ez Sanz; Mar\u00eda Navallas Irujo; Ana Ramos; Palmira Manj\u00f3n Luengo<\/li>\n<li>407 \u201cPapel de la Tomograf\u00eda Computarizada tras la Endarterectom\u00eda Pulmonar\u201d: Presentaci\u00f3n Electr\u00f3nica Educativa<u> .Tercer autor<\/u>. Patricia D\u00edez Mart\u00ednez; Mar\u00eda Antonia S\u00e1nchez Nistal; <u>Raquel Cano Alonso<\/u>; Maria Navallas Irujo; Maria J. Ruiz Cano; Angel Arenas de Pablo<\/li>\n<li>115 \u201cCausas y Hallazgos de los Distintos Tipos de Realce Men\u00edngeo\u201d: <u>Tercer autor.<\/u> Mar\u00eda Navallas Irujo; Ana Mart\u00ednez de Arag\u00f3n; <u>Raquel Cano Alonso<\/u>; Ana Ortiz de Mendivil; Paula Orenes Castrillo; Ana Pla Romero<\/li>\n<li>2430 \u201cVolumetr\u00eda Hep\u00e1tica Mediante TAC en Donantes Vivos de H\u00edgado\u201d: Presentaci\u00f3n Electr\u00f3nica Educativa. <u>Tercer autor<\/u><u>.<\/u> Mar\u00eda Rosa Calero Garc\u00eda; Cristina L\u00f3pez Mart\u00ednez; <u>Raquel Cano Alonso<\/u>; Teresa Diaz de Bustamante; Almudena Moreno Elola-Olaso; Manuel Abradelo De Usera<\/li>\n<li>1861 \u201cVariantes en la Vascularizaci\u00f3n Hep\u00e1tica en Candidatos a Donante Vivo de H\u00edgado. Valoraci\u00f3n Con TAC\u201d: Presentaci\u00f3n Electr\u00f3nica Educativa. <u>Tercer autor.<\/u>\u00a0 Mar\u00eda Rosa Calero Garc\u00eda; Cristina L\u00f3pez Mart\u00ednez; <u>Raquel Cano Alonso<\/u>; Patricia Diez Martinez; Mar\u00eda Navallas Irujo; Angel S\u00e1nchez Guerrero<\/li>\n<li>1283\u00a0 \u201cValoraci\u00f3n Pre-Trasplante de las Lesiones Hep\u00e1ticas en el Paciente Pedi\u00e1trico\u201d: Presentaci\u00f3n Electr\u00f3nica Educativa. <u>Quinto autor.<\/u> Patricia D\u00edez Mart\u00ednez; Miguel Rasero Ponferrada; Luis Manzanares; Lain Iba\u00f1ez Sanz; <u>Raquel Cano Alonso<\/u>; Paula Orenes Castrillo<\/li>\n<li>1691 \u00abSangrado activo con TC multidetector: \u00bfpodemos aportar algo m\u00e1s?\u00bb: Presentaci\u00f3n Electr\u00f3nica Educativa<u> .Tercer autor.<\/u> Andrea Alcal\u00e1-Galiano Rubio; Patricia D\u00edez Mart\u00ednez; <u>Raquel Cano Alonso<\/u>; Susana Borruel Nacenta; Enrique Garc\u00eda-Hidalgo Castilla<\/li>\n<\/ol>\n<\/li>\n<li><strong>2\u00ba Congreso virtual de radiolog\u00eda (RADIOLOG\u00cdA VIRTUAL. ORG), Octubre de 2007.<\/strong>\n<ol>\n<li>\u201cCordomas: Visi\u00f3n Global y Datos Clave\u201d: <u>Segundo autor.<\/u><\/li>\n<\/ol>\n<\/li>\n<li><strong>VIII<\/strong><strong> Congreso de la Asociaci\u00f3n de Radi\u00f3logos de la Regi\u00f3n Centro<\/strong>, Cuenca, 14-15 de Junio de 2007\n<ol>\n<li>\u201cPapel del TC Multidetector en el Manejo de la Patolog\u00eda Urgente de la Pelvis Femenina\u201d: <u>Primer autor.<\/u> <u>Raquel Cano Alonso<\/u>, Patricia D\u00edez Mart\u00ednez, Susana Borruel Nacenta, La\u00edn Ib\u00e1\u00f1ez Sanz<strong>.<\/strong><\/li>\n<li>\u201cPropuesta de un Nuevo Protocolo de Estudio de las Venas Pulmonares y Aur\u00edcula Izquierda mediante TC Multidetector\u201d: <u>Tercer autor.<\/u><\/li>\n<li>\u201dRealce Men\u00edngeo: Causas y Hallazgos Radiol\u00f3gicos\u201d: <u>Cuarto autor.<\/u><\/li>\n<li>\u201cS\u00edndrome de Reconstituci\u00f3n Autoinmune: Empeoramiento Parad\u00f3jico de la Tuberculosis Despu\u00e9s del Tratamienro Antirretroviral. Lo que el radi\u00f3logo debe conocer\u201d: <u>Cuarto autor.<\/u><\/li>\n<\/ol>\n<\/li>\n<li><strong>VIII Curso internacional de la sociedad espa\u00f1ola de imagen tor\u00e1cica (SEIT).<\/strong> Pamplona, 28-29 de Septiembre de 2007.\n<ol>\n<li>\u201cPapel de la Tomograf\u00eda Computarizada en la Endarterectom\u00eda Pulmonar\u201d: <u>Cuarto autor.<\/u><\/li>\n<\/ol>\n<\/li>\n<li><strong>XXVIII<\/strong><strong> Congreso Nacional de la SERAM. <\/strong>Zaragoza, 26-29 de mayo de 2006.\n<ol>\n<li>\u201cEstudio de los Vasos Pulmonares con TC Multidetector (TCMD)\u201d: Presentaci\u00f3n Electr\u00f3nica Educativa<u> . <\/u><u>Tercer autor. <\/u>Patricia Mart\u00edn Medina, Andrea Alcal\u00e1-Galiano Rubio, <u>Raquel Cano Alonso<\/u>, Federico Ballenilla Marco, Mar\u00eda Antonia S\u00e1nchez-Nistal, \u00c1ngel Arenas de Pablo.<\/li>\n<\/ol>\n<\/li>\n<\/ol>\n<ol>\n<li style=\"list-style-type: none;\"><\/li>\n<\/ol>\n","protected":false},"excerpt":{"rendered":"<p>XXXIV Congreso Nacional de la SERAM. 24-27\u00a0 de Mayo de 2018 Utilidad del SPECT-CT \u00f3seo diagn\u00f3stico en la valoraci\u00f3n de la movilizaci\u00f3n de las pr\u00f3tesis total de cadera y rodilla. Antonio Maldonado Suarez, Jose Alberto Zafra, Javier Carrascoso Arranz, Julio Fernandez Mata, Raquel Cano Alonso, Vicente Mart\u00ednez De Vega Utilidad de la RM fetal en [&hellip;]<\/p>\n","protected":false},"author":1,"featured_media":55,"parent":0,"menu_order":0,"comment_status":"closed","ping_status":"closed","template":"","meta":{"_acf_changed":false,"footnotes":""},"class_list":["post-285","page","type-page","status-publish","hentry"],"acf":[],"_links":{"self":[{"href":"https:\/\/www.raquelcanoalonso.com\/index.php?rest_route=\/wp\/v2\/pages\/285","targetHints":{"allow":["GET"]}}],"collection":[{"href":"https:\/\/www.raquelcanoalonso.com\/index.php?rest_route=\/wp\/v2\/pages"}],"about":[{"href":"https:\/\/www.raquelcanoalonso.com\/index.php?rest_route=\/wp\/v2\/types\/page"}],"author":[{"embeddable":true,"href":"https:\/\/www.raquelcanoalonso.com\/index.php?rest_route=\/wp\/v2\/users\/1"}],"replies":[{"embeddable":true,"href":"https:\/\/www.raquelcanoalonso.com\/index.php?rest_route=%2Fwp%2Fv2%2Fcomments&post=285"}],"version-history":[{"count":5,"href":"https:\/\/www.raquelcanoalonso.com\/index.php?rest_route=\/wp\/v2\/pages\/285\/revisions"}],"predecessor-version":[{"id":294,"href":"https:\/\/www.raquelcanoalonso.com\/index.php?rest_route=\/wp\/v2\/pages\/285\/revisions\/294"}],"wp:featuredmedia":[{"embeddable":true,"href":"https:\/\/www.raquelcanoalonso.com\/index.php?rest_route=\/wp\/v2\/media\/55"}],"wp:attachment":[{"href":"https:\/\/www.raquelcanoalonso.com\/index.php?rest_route=%2Fwp%2Fv2%2Fmedia&parent=285"}],"curies":[{"name":"wp","href":"https:\/\/api.w.org\/{rel}","templated":true}]}}