{"id":304,"date":"2018-12-03T07:40:16","date_gmt":"2018-12-03T07:40:16","guid":{"rendered":"https:\/\/www.raquelcanoalonso.com\/?page_id=304"},"modified":"2025-08-26T05:55:04","modified_gmt":"2025-08-26T05:55:04","slug":"premios-obtenidos-en-relacion-con-la-profesion","status":"publish","type":"page","link":"https:\/\/www.raquelcanoalonso.com\/?page_id=304","title":{"rendered":"Premios Obtenidos en Relaci\u00f3n con la Profesi\u00f3n"},"content":{"rendered":"<ol>\n<li><strong>Certificado de M\u00e9rito en el <\/strong><strong>XXXIV \u00a0\u00a0Congreso Nacional de la SERAM. 24-27\u00a0 de Mayo de 2018. <\/strong>\n<ol>\n<li>Correlaci\u00f3n morfol\u00f3gica de las captaciones de FDG en el coraz\u00f3n. Ana \u00c1lvarez V\u00e1zquez, . Antonio Maldonado Suarez, . Manuel Recio Rodr\u00edguez, Chawar Hayoun Chaara, Raquel Cano Alonso,\u00a0 Vicente Mart\u00ednez De Vega Fern\u00e1ndez.<\/li>\n<\/ol>\n<\/li>\n<li><strong>Certificado Cum Laude M\u00e9rito en el <\/strong><strong>XXXIV \u00a0\u00a0Congreso Nacional de la SERAM. 24-27\u00a0 de Mayo de 2018<\/strong>\n<ol>\n<li>Utilidad de la RM fetal en el estudio del tracto gastrointestinal. Manuel Recio Rodr\u00edguez, , Raquel Cano Alonso,\u00a0 Vicente Mart\u00ednez De Vega Fern\u00e1ndez, Chawar Hayoun Chaara, Silvia Badillo Rodr\u00edguez-Portugal, Ana \u00c1lvarez V\u00e1zquez..<\/li>\n<\/ol>\n<\/li>\n<li><strong>Certificado de M\u00e9rito en el XXX<\/strong><strong>III Congreso Nacional de la SERAM. Bilbao. 19-22 de Mayo de 2016.<\/strong>\n<ol>\n<li>Importancia de la RM fetal en el diagn\u00f3stico precoz de esclerosis tuberosa. Manuel Recio Rodr\u00edguez, Raquel Cano Alonso, Manuela L\u00f3pez Azor\u00edn, Javier Carrascoso Herranz, Daniel Mart\u00edn Fern\u00e1ndez-Mayoralas, Ines Tamarit Degenhardt.<\/li>\n<li>Imagen en epilepsia: m\u00e1s all\u00e1 de la etiolog\u00eda. Maria Del Mar Jim\u00e9nez De La Pe\u00f1a, Raquel Cano Alonso, Antonio Maldonado Suarez, Anne Gomez- Caicoya, Ana Fern\u00e1ndez Alfonso, Vicente Mart\u00ednez De Vega.<\/li>\n<li>Papel de la ecograf\u00eda y de la RM fetal y postnatal en la valoraci\u00f3n de la infecci\u00f3n cerebral cong\u00e9nita por citomegalovirus. Manuel Recio Rodr\u00edguez, Raquel Cano Alonso, Manuela L\u00f3pez Azor\u00edn, In\u00e9s Tamarit Degenhardt, Pilar Mart\u00ednez Ten<\/li>\n<\/ol>\n<\/li>\n<li><strong>Certificado Cum Laude en el XXXII Congreso Nacional de la SERAM. Oviedo. 22-25de Mayo de 2014.<\/strong>\n<ol>\n<li>S-1165 Utilidad de la difusi\u00f3n en los tumores \u00f3seos y de partes blandas. Correlaci\u00f3n ADC-Hallazgos histol\u00f3gicos<u>. Cuarto autor<\/u>. Carrascoso Arranz, A. Acevedo, L. Herraiz Hidalgo, R. Cano Alonso, J. R. Larrubia Marfil, V. Martinez de Vega. DOI: 10.1594\/seram2014\/S-1165. CUM LAUDE<\/li>\n<\/ol>\n<\/li>\n<li><strong>Certificado de m\u00e9rito en el XXXII\u00a0 Congreso Nacional de la SERAM. <\/strong><strong> 22-25de Mayo de 2014.<\/strong>\n<ol>\n<li>S-1048: RM en la patolog\u00eda submucosa rectal: Lo que la colonoscopia no ve. <u>Cuarto autor.<\/u> \u00c1lvarez Vazquez, C. Hayoun, L. Herraiz Hidalgo, R. Cano Alonso, A. Fern\u00e1ndez Alfonso, V. Mart\u00ednez de Vega. DOI:10.1594\/seram2014\/S-1048.<\/li>\n<\/ol>\n<\/li>\n<li><strong>Certificados de M\u00e9rito (2) en Radiological Society of North America (RSNA), 98<sup>th<\/sup> Scientific assembly and annual meeting: McCormick Place (Chicago), 1-6 de Diciembre de 2013.<\/strong>\n<ol>\n<li>Neurodegenerative diseases: Advances in functional imaging. M Jim\u00e9nez De La Pe\u00f1a; R Cano Alonso; A Maldonado; M Recio Rodr\u00edguez; J Carrascoso Arranz; V Mart\u00ednez de Vega. Educational exhibit #13013825<\/li>\n<li>Prostate Cancer: PET\/CT with 18 F-Choline. Educational exhibit # 13013825\u00a0. M Recio Rodriguez, A Maldonado,\u00a0 S Fuertes, V Martinez de Vega,\u00a0 R Cano Alonso, M Jimenez De La Pena.<\/li>\n<\/ol>\n<\/li>\n<li><strong>Certificado Cum Laude <\/strong>en el XXXI Congreso Nacional de la SERAM. Granada, 25-28 de Mayo de 2012.\n<ol>\n<li>S-1410. Enfermedades neurodegenerativas: Avances en la imagen funcional. DOI: 10.1594\/seram2012\/S-1410<\/li>\n<\/ol>\n<\/li>\n<li><strong>Certificado de Merito <\/strong>en el XXXI Congreso Nacional de la SERAM. Granada, 25-28 de Mayo de 2012.\n<ol>\n<li>S-0902. Endometriosis. Qu\u00e9 debe saber el radi\u00f3logo. DOI: 10.1594\/seram2012\/S-0902<\/li>\n<li>S-0495. Braquiterapia guiada por RM en el tratamiento del c\u00e1ncer de c\u00e9rvix. Guia pr\u00e1ctica para el radi\u00f3logo. DOI: 10.1594\/seram2012\/S-0495<\/li>\n<li>S-0485. Imagen de\u00a0difusi\u00f3n en\u00a03T: Evaluaci\u00f3n del\u00a0carcinoma prost\u00e1tico. DOI: 10.1594\/seram2012\/S-0485<\/li>\n<\/ol>\n<\/li>\n<li><strong>Certificados de M\u00e9rito (2) en el Radiological Society of North America (RSNA), 97th Scientific assembly and annual meeting: <\/strong>McCormick Place (Chicago), 27 de Noviembre- 2 de Diciembre, 2011.\n<ol>\n<li>Spontaneous Skull Base Meningoencephaloceles and Meningoceles: An Infrequent Entity Not to Be Overlooked.<\/li>\n<li>Fetal MR Imaging of Congenital Chest Abnormalities.<\/li>\n<\/ol>\n<\/li>\n<li><strong>Educational exhibit seleccionado para publicaci\u00f3n en RadioGraphics.<\/strong> Radiological Society of North America (RSNA), <strong>97th Scientific assembly and annual meeting: <\/strong>McCormick Place (Chicago), 27 de Noviembre- 2 de Diciembre, 2011\n<ol>\n<li>LL-NRE4053 Spontaneous Skull Base Meningoencephaloceles and Meningoceles: An Infrequent Entity Not to Be Overlooked..<\/li>\n<\/ol>\n<\/li>\n<li><strong>Certificados Cum Laude (3) en el Radiological Society of North America (RSNA), 96<sup>th<\/sup> Scientific assembly and annual meeting. <\/strong>McCormick Place (Chicago), 29 de Noviembre-4 de Diciembre de 2010.\n<ol>\n<li>Magnetic Resonance Imaging, assessment and literature review of Crohn\u00b4s disease:spectrum of findings and disease activity-our personal experience. Tercer autor.<\/li>\n<li>Non-tumorous perirectal and perianal lesions: Evaluations with high resolution 3.0-T MRI protocol. Cuarto autor.<\/li>\n<li>Diffusion tensor MR imaging and tractography at 3T: anatomy and clinical applications. Quinto autor.<\/li>\n<\/ol>\n<\/li>\n<li><strong>Certificado Cum Laude (1)<\/strong> en el XXX Congreso Nacional de la SERAM. Palexco, A Coru\u00f1a<strong>, <\/strong>28-31 de Mayo de 2010.\n<ol>\n<li>EnteroRM: Revisi\u00f3n de la t\u00e9cnica para estudio de EII. Presentaci\u00f3n Electr\u00f3nica Educativa<\/li>\n<\/ol>\n<\/li>\n<li><strong>Certificado de m\u00e9rito (1) en el XXX Congreso Nacional de la SERAM. Palexco, A Coru\u00f1a, 28-31 de Mayo de 2010<\/strong>\n<ol>\n<li>RM 3T con protocolo de alta resoluci\u00f3n para el estudio de patolog\u00eda benigna de recto y ano. Presentaci\u00f3n Electr\u00f3nica Educativa. Autores: Herraiz Hidalgo, L; Cano Alonso, R; \u00c1lvarez Moreno, E; Recio Rodr\u00edguez, M; Carrascoso Arranz, J; Mart\u00ednez de Vega, V.<\/li>\n<\/ol>\n<\/li>\n<li><strong>Educational exhibit seleccionado para publicaci\u00f3n en RadioGraphics.<\/strong> Radiological Society of North America (RSNA), 94th Scientific assembly and annual meeting: McCormick Place, Chicago. 30 de Noviembre-5 de Diciembre de 2008.\n<ol>\n<li>(LL-ER4534) Title: Kidney in Danger! CT Findings of Blunt and Direct Renal Trauma with Emphasis on Polytraumatized Patients: A Pictorial Essay.<\/li>\n<\/ol>\n<\/li>\n<li><strong>Certificado Cum Laude (1)<\/strong> en el XXIX Congreso Nacional de la SERAM. Sevilla, 23-26 de Mayo de 2008.\n<ol>\n<li>\u201cV\u00f3lvulos del Tracto Gastrointestinal: Revisi\u00f3n Mediante TC Multidetector\u201d:<\/li>\n<\/ol>\n<\/li>\n<li><strong>Certificado de M\u00e9rito (3)<\/strong> en el XXIX Congreso Nacional de la SERAM. Sevilla, 23-26 de Mayo de 2008.\n<ol>\n<li>\u00abMet\u00e1stasis de Tumores Malignos de Gl\u00e1ndulas Salivares: Un Hallazgo Infrecuente\u00bb<\/li>\n<li>\u00abCordomas: Correlaci\u00f3n Radio-Patol\u00f3gica. De La Visi\u00f3n Global Al Dato Clave\u201d<\/li>\n<li>\u201cVariantes en la Vascularizaci\u00f3n Hep\u00e1tica en Candidatos a Donante Vivo de H\u00edgado. Valoraci\u00f3n Con TAC\u00bb<\/li>\n<\/ol>\n<\/li>\n<\/ol>\n","protected":false},"excerpt":{"rendered":"<p>Certificado de M\u00e9rito en el XXXIV \u00a0\u00a0Congreso Nacional de la SERAM. 24-27\u00a0 de Mayo de 2018. Correlaci\u00f3n morfol\u00f3gica de las captaciones de FDG en el coraz\u00f3n. Ana \u00c1lvarez V\u00e1zquez, . Antonio Maldonado Suarez, . Manuel Recio Rodr\u00edguez, Chawar Hayoun Chaara, Raquel Cano Alonso,\u00a0 Vicente Mart\u00ednez De Vega Fern\u00e1ndez. Certificado Cum Laude M\u00e9rito en el XXXIV [&hellip;]<\/p>\n","protected":false},"author":1,"featured_media":0,"parent":0,"menu_order":0,"comment_status":"closed","ping_status":"closed","template":"","meta":{"_acf_changed":false,"footnotes":""},"class_list":["post-304","page","type-page","status-publish","hentry"],"acf":[],"_links":{"self":[{"href":"https:\/\/www.raquelcanoalonso.com\/index.php?rest_route=\/wp\/v2\/pages\/304","targetHints":{"allow":["GET"]}}],"collection":[{"href":"https:\/\/www.raquelcanoalonso.com\/index.php?rest_route=\/wp\/v2\/pages"}],"about":[{"href":"https:\/\/www.raquelcanoalonso.com\/index.php?rest_route=\/wp\/v2\/types\/page"}],"author":[{"embeddable":true,"href":"https:\/\/www.raquelcanoalonso.com\/index.php?rest_route=\/wp\/v2\/users\/1"}],"replies":[{"embeddable":true,"href":"https:\/\/www.raquelcanoalonso.com\/index.php?rest_route=%2Fwp%2Fv2%2Fcomments&post=304"}],"version-history":[{"count":2,"href":"https:\/\/www.raquelcanoalonso.com\/index.php?rest_route=\/wp\/v2\/pages\/304\/revisions"}],"predecessor-version":[{"id":478,"href":"https:\/\/www.raquelcanoalonso.com\/index.php?rest_route=\/wp\/v2\/pages\/304\/revisions\/478"}],"wp:attachment":[{"href":"https:\/\/www.raquelcanoalonso.com\/index.php?rest_route=%2Fwp%2Fv2%2Fmedia&parent=304"}],"curies":[{"name":"wp","href":"https:\/\/api.w.org\/{rel}","templated":true}]}}