{"id":86,"date":"2018-11-26T15:18:39","date_gmt":"2018-11-26T15:18:39","guid":{"rendered":"https:\/\/www.raquelcanoalonso.com\/?page_id=86"},"modified":"2018-12-05T07:24:14","modified_gmt":"2018-12-05T07:24:14","slug":"publicaciones-internacionales","status":"publish","type":"page","link":"https:\/\/www.raquelcanoalonso.com\/?page_id=86","title":{"rendered":"Publicaciones Internacionales"},"content":{"rendered":"<p>[vc_row css=\u00bb.vc_custom_1543908444087{background-color: #ffffff !important;}\u00bb][vc_column width=\u00bb2\/12&#8243;][vc_single_image image=\u00bb316&#8243; img_size=\u00bbmedium\u00bb alignment=\u00bbcenter\u00bb][\/vc_column][vc_column width=\u00bb10\/12&#8243; el_class=\u00bbcaja_publicacion\u00bb css=\u00bb.vc_custom_1543908510112{background-color: #f7f7f7 !important;}\u00bb][vc_column_text el_class=\u00bbtitulo\u00bb]Role of multidetector CT in the management of acute female pelvic disease[\/vc_column_text][vc_column_text el_class=\u00bbautores\u00bb]R. Cano Alonso, S. Borruel Nacenta, P. D\u00edez Mart\u00ednez, M. Navallas Irujo, L. Ib\u00e1\u00f1ez Sanz, \u00a0E. Zab\u00eda Gal\u00edndez[\/vc_column_text][vc_column_text el_class=\u00bbpublicacion\u00bb]Emergency Radiology (Emerg Radiol).<br \/>\nAceptado: 12 Marzo 2009; publicado online: 27 de Marzo de 2009. <strong>Emerg Radiol <\/strong>2009; 16:453\u2013472. DOI 10.1007\/s10140-009-0808-8.<br \/>\n<a href=\"https:\/\/doi.org\/10.1007\/s10140-009-0808-8\" target=\"_blank\" rel=\"noopener\">https:\/\/doi.org\/10.1007\/s10140-009-0808-8<\/a>[\/vc_column_text][\/vc_column][\/vc_row][vc_row css=\u00bb.vc_custom_1543908444087{background-color: #ffffff !important;}\u00bb][vc_column width=\u00bb2\/12&#8243;][vc_single_image image=\u00bb340&#8243; img_size=\u00bbmedium\u00bb alignment=\u00bbcenter\u00bb][\/vc_column][vc_column width=\u00bb10\/12&#8243; el_class=\u00bbcaja_publicacion\u00bb css=\u00bb.vc_custom_1543908510112{background-color: #f7f7f7 !important;}\u00bb][vc_column_text el_class=\u00bbtitulo\u00bb]Kidney in Danger: CT Findings of Blunt and Penetrating Renal Trauma[\/vc_column_text][vc_column_text el_class=\u00bbautores\u00bb]Raquel Cano Alonso,\u00a0 Susana Borruel Nacenta, Patricia Diez Martinez, Angel Sanchez Guerrero, Carlos Garcia Fuentes[\/vc_column_text][vc_column_text el_class=\u00bbpublicacion\u00bb]<strong>Radiographics <\/strong>2009; 29:2033-2053.\u00a0 DOI:10.1148\/rg.297095071.<br \/>\n<a href=\"https:\/\/doi.org\/10.1148\/rg.297095071\" target=\"_blank\" rel=\"noopener\">https:\/\/doi.org\/10.1148\/rg.297095071<\/a>[\/vc_column_text][\/vc_column][\/vc_row][vc_row css=\u00bb.vc_custom_1543908444087{background-color: #ffffff !important;}\u00bb][vc_column width=\u00bb2\/12&#8243;][vc_single_image image=\u00bb343&#8243; img_size=\u00bbmedium\u00bb alignment=\u00bbcenter\u00bb][\/vc_column][vc_column width=\u00bb10\/12&#8243; el_class=\u00bbcaja_publicacion\u00bb css=\u00bb.vc_custom_1543908510112{background-color: #f7f7f7 !important;}\u00bb][vc_column_text el_class=\u00bbtitulo\u00bb]Magnetic Resonance Imaging Findings of Radiation-induced Changes After Treatment of Malignant Gliomas and Metastases with a Particular Emphasis on Radiation Necrosis[\/vc_column_text][vc_column_text el_class=\u00bbautores\u00bb]Raquel Cano Alonso, Mar Jimenez de la Pe\u00f1a, Manuel Recio Rodriguez, Javier Carrascoso Arranz,\u00a0 Vicente Martinez de Vega Fernandez, Javier Pardo Moreno[\/vc_column_text][vc_column_text el_class=\u00bbpublicacion\u00bb]<strong>European Oncology &amp; Haematology <\/strong>2011;7(1):53\u20138. DOI: 10.17925\/ENR.2011.06.02.132<br \/>\n<a href=\"http:\/\/doi.org\/10.17925\/ENR.2011.06.02.132\" target=\"_blank\" rel=\"noopener\">http:\/\/doi.org\/10.17925\/ENR.2011.06.02.132<\/a>[\/vc_column_text][\/vc_column][\/vc_row][vc_row css=\u00bb.vc_custom_1543908444087{background-color: #ffffff !important;}\u00bb][vc_column width=\u00bb2\/12&#8243;][vc_single_image image=\u00bb347&#8243; img_size=\u00bbmedium\u00bb alignment=\u00bbcenter\u00bb][\/vc_column][vc_column width=\u00bb10\/12&#8243; el_class=\u00bbcaja_publicacion\u00bb css=\u00bb.vc_custom_1543908510112{background-color: #f7f7f7 !important;}\u00bb][vc_column_text el_class=\u00bbtitulo\u00bb]Role of new functional MRI techniques in the diagnosis, staging, and follow-up of gynecological cancer. Comparison with PET-CT[\/vc_column_text][vc_column_text el_class=\u00bbautores\u00bb]Elena Alvarez Moreno, Mar Jim\u00e9nez De la Pe\u00f1a, Raquel Cano Alonso[\/vc_column_text][vc_column_text el_class=\u00bbpublicacion\u00bb]<strong>Radiology Research and Practice<\/strong>. Radiology Research and Practice. Volume 2012 (2012), Article ID 219546, 11 pages.<br \/>\n<a href=\"http:\/\/dx.doi.org\/10.1155\/2012\/219546\" target=\"_blank\" rel=\"noopener\">http:\/\/dx.doi.org\/10.1155\/2012\/219546<\/a>[\/vc_column_text][\/vc_column][\/vc_row][vc_row css=\u00bb.vc_custom_1543908444087{background-color: #ffffff !important;}\u00bb][vc_column width=\u00bb2\/12&#8243;][vc_single_image image=\u00bb340&#8243; img_size=\u00bbmedium\u00bb alignment=\u00bbcenter\u00bb][\/vc_column][vc_column width=\u00bb10\/12&#8243; el_class=\u00bbcaja_publicacion\u00bb css=\u00bb.vc_custom_1543908510112{background-color: #f7f7f7 !important;}\u00bb][vc_column_text el_class=\u00bbtitulo\u00bb]MR Imaging of Thoracic Abnormalities in the Fetus[\/vc_column_text][vc_column_text el_class=\u00bbautores\u00bb]Manuel Recio Rodr\u00edguez,\u00a0 Vicente Mart\u00ednez de Vega, Raquel Cano Alonso,\u00a0 Javier Carrascoso Arranz,\u00a0 Pilar Mart\u00ednez Ten, Javier P\u00e9rez Pedregosa[\/vc_column_text][vc_column_text el_class=\u00bbpublicacion\u00bb]<strong>Radiographics 2012<\/strong>; 32:E305\u2013E321. DOI: 10.1148\/rg.327125053<br \/>\n<a href=\"https:\/\/doi.org\/10.1148\/rg.327125053\" target=\"_blank\" rel=\"noopener\">https:\/\/doi.org\/10.1148\/rg.327125053<\/a>[\/vc_column_text][\/vc_column][\/vc_row][vc_row css=\u00bb.vc_custom_1543908444087{background-color: #ffffff !important;}\u00bb][vc_column width=\u00bb2\/12&#8243;][vc_single_image image=\u00bb340&#8243; img_size=\u00bbmedium\u00bb alignment=\u00bbcenter\u00bb][\/vc_column][vc_column width=\u00bb10\/12&#8243; el_class=\u00bbcaja_publicacion\u00bb css=\u00bb.vc_custom_1543908510112{background-color: #f7f7f7 !important;}\u00bb][vc_column_text el_class=\u00bbtitulo\u00bb]Spontaneous Skull Base Meningoencephaloceles and Cerebrospinal Fluid Fistulas[\/vc_column_text][vc_column_text el_class=\u00bbautores\u00bb]Raquel Cano Alonso, Mar Jimenez de la Pe\u00f1a, Anne Gomez Caicoya, Manuel Recio Rodriguez, Elena Alvarez Moreno, Vicente Martinez de Vega Fernandez[\/vc_column_text][vc_column_text el_class=\u00bbpublicacion\u00bb]<strong>Radiographics 2013<\/strong>; 33:553\u2013570.\u00a0 Published online DOI: 10.1148\/rg.332125028<br \/>\n<a href=\"https:\/\/doi.org\/10.1148\/rg.332125028\" target=\"_blank\" rel=\"noopener\">https:\/\/doi.org\/10.1148\/rg.332125028<\/a>[\/vc_column_text][\/vc_column][\/vc_row][vc_row css=\u00bb.vc_custom_1543908444087{background-color: #ffffff !important;}\u00bb][vc_column width=\u00bb2\/12&#8243;][vc_single_image image=\u00bb350&#8243; img_size=\u00bbmedium\u00bb alignment=\u00bbcenter\u00bb][\/vc_column][vc_column width=\u00bb10\/12&#8243; el_class=\u00bbcaja_publicacion\u00bb css=\u00bb.vc_custom_1543908510112{background-color: #f7f7f7 !important;}\u00bb][vc_column_text el_class=\u00bbtitulo\u00bb]MRI-Brachytheraphy of Cervical Carcinoma\u2014A Pictorial Review for the Radiologist[\/vc_column_text][vc_column_text el_class=\u00bbautores\u00bb]M. Jim\u00e9nez de la Pe\u00f1a, E. Pe\u00f1alver, E. Moreno, R. Alonso and V. Vega[\/vc_column_text][vc_column_text el_class=\u00bbpublicacion\u00bb]<strong>Open Journal of Radiology<\/strong>, Vol. 2 No. 3, 2012, pp. 81-91. DOI: 10.4236\/ojrad.2012.23015<br \/>\n<a href=\"http:\/\/dx.doi.org\/10.4236\/ojrad.2012.23015\" target=\"_blank\" rel=\"noopener\">http:\/\/dx.doi.org\/10.4236\/ojrad.2012.23015<\/a>[\/vc_column_text][\/vc_column][\/vc_row][vc_row css=\u00bb.vc_custom_1543908444087{background-color: #ffffff !important;}\u00bb][vc_column width=\u00bb2\/12&#8243;][vc_single_image image=\u00bb352&#8243; img_size=\u00bbmedium\u00bb alignment=\u00bbcenter\u00bb][\/vc_column][vc_column width=\u00bb10\/12&#8243; el_class=\u00bbcaja_publicacion\u00bb css=\u00bb.vc_custom_1543908510112{background-color: #f7f7f7 !important;}\u00bb][vc_column_text el_class=\u00bbtitulo\u00bb]Prenatal diagnosis of frontonasal dysplasia associated with bilateral periventricular nodular heterotopia[\/vc_column_text][vc_column_text el_class=\u00bbautores\u00bb]Manuel Recio Rodr\u00edguez, Daniel Mart\u00edn Fern\u00e1ndez-Mayoralas, Alberto Fern\u00e1ndez-Ja\u00e9n, Ana Laura Fern\u00e1ndez-Perrone. Raquel Cano-Alonso,\u00a0 Mar Jim\u00e9nez de la Pe\u00f1a[\/vc_column_text][vc_column_text el_class=\u00bbpublicacion\u00bb]<strong>J Child Neurol.<\/strong> 2014 Oct;29(10):NP122-6. DOI: 10.1177\/0883073813508316<br \/>\n<a href=\"https:\/\/doi.org\/10.1177\/0883073813508316\" target=\"_blank\" rel=\"noopener\">https:\/\/doi.org\/10.1177\/0883073813508316<\/a>[\/vc_column_text][\/vc_column][\/vc_row][vc_row css=\u00bb.vc_custom_1543388504362{background-color: #f7f7f7 !important;}\u00bb el_class=\u00bbcaja_publicacion\u00bb][vc_column el_class=\u00bbPublicacion\u00bb][vc_column_text el_class=\u00bbtitulo\u00bb]The multiple faces of nervous system lymphoma. Typical and atypical mri features[\/vc_column_text][vc_column_text el_class=\u00bbautores\u00bb]M. Jim\u00e9nez; R. Cano Alonso; A. Maldonado; L. G\u00f3mez; D. Ezpeleta[\/vc_column_text][vc_column_text]<strong>Neuroradiology <\/strong>(2013) 55:1455\u20131511[\/vc_column_text][\/vc_column][\/vc_row][vc_row css=\u00bb.vc_custom_1543908444087{background-color: #ffffff !important;}\u00bb][vc_column width=\u00bb2\/12&#8243;][vc_single_image image=\u00bb316&#8243; img_size=\u00bbmedium\u00bb alignment=\u00bbcenter\u00bb][\/vc_column][vc_column width=\u00bb10\/12&#8243; el_class=\u00bbcaja_publicacion\u00bb css=\u00bb.vc_custom_1543908510112{background-color: #f7f7f7 !important;}\u00bb][vc_column_text el_class=\u00bbtitulo\u00bb]Essential Subcortical Tracts in Language and Reading. 3D-Tractography for Clinical Practice and Anatomic Correlation with Intraoperative Subcortical Electrostimulation[\/vc_column_text][vc_column_text el_class=\u00bbautores\u00bb]M M Jim\u00e9nez-Pe\u00f1a, S Gil-Robles, R Cano-Alonso, M Recio-Rodr\u00edguez,\u00a0 J Carrascoso-Arranz, C Ruiz-Oca\u00f1a, V Mart\u00ednez-Vega[\/vc_column_text][vc_column_text el_class=\u00bbpublicacion\u00bb]<strong>Clin Neuroradiol<\/strong> (2015). DOI 10.1007\/s00062-015-0429-4<br \/>\n<a href=\"https:\/\/doi.org\/10.1007\/s00062-015-0429-4\" target=\"_blank\" rel=\"noopener\">https:\/\/doi.org\/10.1007\/s00062-015-0429-4<\/a>[\/vc_column_text][\/vc_column][\/vc_row][vc_row css=\u00bb.vc_custom_1543908444087{background-color: #ffffff !important;}\u00bb][vc_column width=\u00bb2\/12&#8243;][vc_single_image image=\u00bb365&#8243; img_size=\u00bbfull\u00bb alignment=\u00bbcenter\u00bb][\/vc_column][vc_column width=\u00bb10\/12&#8243; el_class=\u00bbcaja_publicacion\u00bb css=\u00bb.vc_custom_1543908510112{background-color: #f7f7f7 !important;}\u00bb][vc_column_text el_class=\u00bbtitulo\u00bb]The Multiple Faces of Nervous System Lymphoma. Atypical mri Features and Contribution of the Advanced Imaging[\/vc_column_text][vc_column_text el_class=\u00bbautores\u00bb]Jim\u00e9nez de la Pe\u00f1a MD, Vicente LG, Alonso RC, Cabero SF, Su\u00e1rez AM, de Vega VM.[\/vc_column_text][vc_column_text el_class=\u00bbpublicacion\u00bb]<strong>Curr Probl Diagn Radiol<\/strong> (2016): S0363-0188(16)30007-X. DOI:\u00a0 10.1067\/j.cpradiol.2016.04.004<br \/>\n<a href=\"https:\/\/doi.org\/10.1067\/j.cpradiol.2016.04.004\" target=\"_blank\" rel=\"noopener\">https:\/\/doi.org\/10.1067\/j.cpradiol.2016.04.004<\/a>[\/vc_column_text][\/vc_column][\/vc_row][vc_row css=\u00bb.vc_custom_1543908444087{background-color: #ffffff !important;}\u00bb][vc_column width=\u00bb2\/12&#8243;][vc_single_image image=\u00bb356&#8243; img_size=\u00bbmedium\u00bb alignment=\u00bbcenter\u00bb][\/vc_column][vc_column width=\u00bb10\/12&#8243; el_class=\u00bbcaja_publicacion\u00bb css=\u00bb.vc_custom_1543908510112{background-color: #f7f7f7 !important;}\u00bb][vc_column_text el_class=\u00bbtitulo\u00bb]Fetal Magnetic Resonance Imaging in the Prenatal Evaluation of Congenital Diaphragmatic Hernia[\/vc_column_text][vc_column_text el_class=\u00bbautores\u00bb]Recio RM, Alina UR, Raquel CA, Ana Isabel BA, Jos\u00e9 Fernando AT, et al[\/vc_column_text][vc_column_text el_class=\u00bbpublicacion\u00bb]<strong>JSM Pediatr Surg<\/strong> 2018; 2(1): 1006.<br \/>\n<a href=\"https:\/\/www.jscimedcentral.com\/PediatricSurgery\/pediatricsurgery-2-1006.pdf\" target=\"_blank\" rel=\"noopener\">https:\/\/www.jscimedcentral.com\/PediatricSurgery\/pediatricsurgery-2-1006.pdf<\/a>[\/vc_column_text][\/vc_column][\/vc_row]<\/p>\n","protected":false},"excerpt":{"rendered":"<p>[vc_row css=\u00bb.vc_custom_1543908444087{background-color: #ffffff !important;}\u00bb][vc_column width=\u00bb2\/12&#8243;][vc_single_image image=\u00bb316&#8243; img_size=\u00bbmedium\u00bb alignment=\u00bbcenter\u00bb][\/vc_column][vc_column width=\u00bb10\/12&#8243; el_class=\u00bbcaja_publicacion\u00bb css=\u00bb.vc_custom_1543908510112{background-color: #f7f7f7 !important;}\u00bb][vc_column_text el_class=\u00bbtitulo\u00bb]Role of multidetector CT in the management of acute female pelvic disease[\/vc_column_text][vc_column_text el_class=\u00bbautores\u00bb]R. Cano Alonso, S. Borruel Nacenta, P. D\u00edez Mart\u00ednez, M. Navallas Irujo, L. Ib\u00e1\u00f1ez Sanz, \u00a0E. Zab\u00eda Gal\u00edndez[\/vc_column_text][vc_column_text el_class=\u00bbpublicacion\u00bb]Emergency Radiology (Emerg Radiol). Aceptado: 12 Marzo 2009; publicado online: 27 de [&hellip;]<\/p>\n","protected":false},"author":1,"featured_media":400,"parent":0,"menu_order":0,"comment_status":"closed","ping_status":"closed","template":"","meta":{"_acf_changed":false,"footnotes":""},"class_list":["post-86","page","type-page","status-publish","hentry"],"acf":[],"_links":{"self":[{"href":"https:\/\/www.raquelcanoalonso.com\/index.php?rest_route=\/wp\/v2\/pages\/86","targetHints":{"allow":["GET"]}}],"collection":[{"href":"https:\/\/www.raquelcanoalonso.com\/index.php?rest_route=\/wp\/v2\/pages"}],"about":[{"href":"https:\/\/www.raquelcanoalonso.com\/index.php?rest_route=\/wp\/v2\/types\/page"}],"author":[{"embeddable":true,"href":"https:\/\/www.raquelcanoalonso.com\/index.php?rest_route=\/wp\/v2\/users\/1"}],"replies":[{"embeddable":true,"href":"https:\/\/www.raquelcanoalonso.com\/index.php?rest_route=%2Fwp%2Fv2%2Fcomments&post=86"}],"version-history":[{"count":72,"href":"https:\/\/www.raquelcanoalonso.com\/index.php?rest_route=\/wp\/v2\/pages\/86\/revisions"}],"predecessor-version":[{"id":366,"href":"https:\/\/www.raquelcanoalonso.com\/index.php?rest_route=\/wp\/v2\/pages\/86\/revisions\/366"}],"wp:featuredmedia":[{"embeddable":true,"href":"https:\/\/www.raquelcanoalonso.com\/index.php?rest_route=\/wp\/v2\/media\/400"}],"wp:attachment":[{"href":"https:\/\/www.raquelcanoalonso.com\/index.php?rest_route=%2Fwp%2Fv2%2Fmedia&parent=86"}],"curies":[{"name":"wp","href":"https:\/\/api.w.org\/{rel}","templated":true}]}}