{"id":88,"date":"2018-11-26T15:19:04","date_gmt":"2018-11-26T15:19:04","guid":{"rendered":"https:\/\/www.raquelcanoalonso.com\/?page_id=88"},"modified":"2018-12-07T12:07:29","modified_gmt":"2018-12-07T12:07:29","slug":"publicaciones-nacionales","status":"publish","type":"page","link":"https:\/\/www.raquelcanoalonso.com\/?page_id=88","title":{"rendered":"Publicaciones Nacionales"},"content":{"rendered":"<p>[vc_row css=\u00bb.vc_custom_1543908444087{background-color: #ffffff !important;}\u00bb][vc_column width=\u00bb2\/12&#8243;][vc_single_image image=\u00bb417&#8243; img_size=\u00bbmedium\u00bb alignment=\u00bbcenter\u00bb][\/vc_column][vc_column width=\u00bb10\/12&#8243; el_class=\u00bbcaja_publicacion\u00bb css=\u00bb.vc_custom_1543908510112{background-color: #f7f7f7 !important;}\u00bb][vc_column_text el_class=\u00bbtitulo\u00bb]Delayed Diagnosis of a Diaphragmatic Hernia in a Patient on Mechanical Ventilation[\/vc_column_text][vc_column_text el_class=\u00bbautores\u00bb]Navallas M, Borruel S, Cano R, Ib\u00e1\u00f1ez L[\/vc_column_text][vc_column_text el_class=\u00bbpublicacion\u00bb]<strong>Radiologia\u00a0 2010;52(6):552-555. <\/strong>Epub 2010 Jun 11. PMID: 20541784<em>. <\/em>DOI:10.1016\/j.rx.2010.04.003<br \/>\n<a href=\"https:\/\/doi.org\/10.1016\/j.rx.2010.04.003\" target=\"_blank\" rel=\"noopener\">https:\/\/doi.org\/10.1016\/j.rx.2010.04.003<\/a>[\/vc_column_text][\/vc_column][\/vc_row][vc_row css=\u00bb.vc_custom_1543908444087{background-color: #ffffff !important;}\u00bb][vc_column width=\u00bb2\/12&#8243;][vc_single_image image=\u00bb417&#8243; img_size=\u00bbmedium\u00bb alignment=\u00bbcenter\u00bb][\/vc_column][vc_column width=\u00bb10\/12&#8243; el_class=\u00bbcaja_publicacion\u00bb css=\u00bb.vc_custom_1543908510112{background-color: #f7f7f7 !important;}\u00bb][vc_column_text el_class=\u00bbtitulo\u00bb]Entero-resonancia magn\u00e9tica: revisi\u00f3n de la t\u00e9cnica para el estudio de la enfermedad de Crohn[\/vc_column_text][vc_column_text el_class=\u00bbautores\u00bb]L. Herraiz Hidalgo, E. Alvarez Moreno, J. Carrascoso Arranz, R. Cano Alonso, V. Mart\u00ednez de Vega Fern\u00e1ndez[\/vc_column_text][vc_column_text el_class=\u00bbpublicacion\u00bb]<strong>Radiolog\u00eda.<\/strong> 2011;53(5):421-433.\u00a0 DOI: 10.1016\/j.rx.2011.03.011<br \/>\n<a href=\"https:\/\/doi.org\/10.1016\/j.rx.2011.03.011\" target=\"_blank\" rel=\"noopener\">https:\/\/doi.org\/10.1016\/j.rx.2011.03.011<\/a>[\/vc_column_text][\/vc_column][\/vc_row][vc_row css=\u00bb.vc_custom_1543908444087{background-color: #ffffff !important;}\u00bb][vc_column width=\u00bb2\/12&#8243;][vc_single_image image=\u00bb417&#8243; img_size=\u00bbmedium\u00bb alignment=\u00bbcenter\u00bb][\/vc_column][vc_column width=\u00bb10\/12&#8243; el_class=\u00bbcaja_publicacion\u00bb css=\u00bb.vc_custom_1543908510112{background-color: #f7f7f7 !important;}\u00bb][vc_column_text el_class=\u00bbtitulo\u00bb]Papel de las t\u00e9cnicas de imagen en la nueva clasificaci\u00f3n TNM del carcinoma broncog\u00e9nico no microc\u00edtico[\/vc_column_text][vc_column_text el_class=\u00bbautores\u00bb]R. Cano Alonso, L. Herr\u00e1iz Hidalgo, E. \u00c1lvarez Moreno, C. Paniagua Correa,\u00a0 V. Mart\u00ednez de Vega[\/vc_column_text][vc_column_text el_class=\u00bbpublicacion\u00bb]<strong>Radiolog\u00eda.<\/strong> 2012;54(4):306-320. DOI:10.1016\/j.rx.2011.09.017<br \/>\n<a href=\"https:\/\/doi.org\/10.1016\/j.rx.2011.09.017\" target=\"_blank\" rel=\"noopener\">https:\/\/doi.org\/10.1016\/j.rx.2011.09.017<\/a>[\/vc_column_text][\/vc_column][\/vc_row][vc_row css=\u00bb.vc_custom_1543908444087{background-color: #ffffff !important;}\u00bb][vc_column width=\u00bb2\/12&#8243;][vc_single_image image=\u00bb417&#8243; img_size=\u00bbmedium\u00bb alignment=\u00bbcenter\u00bb][\/vc_column][vc_column width=\u00bb10\/12&#8243; el_class=\u00bbcaja_publicacion\u00bb css=\u00bb.vc_custom_1543908510112{background-color: #f7f7f7 !important;}\u00bb][vc_column_text el_class=\u00bbtitulo\u00bb]La patolog\u00eda benigna de ano y recto con RM 3.0T. 1\u00aa Parte: Protocolo de alta resoluci\u00f3n, revisi\u00f3n anat\u00f3mica, tumores benignos y alteraciones cong\u00e9nitas o adquiridas del complejo esfinteriano[\/vc_column_text][vc_column_text el_class=\u00bbautores\u00bb]L. Herraiz Hidalgo, R: Cano Alonso, J. Carrascoso Arranz, E. \u00c1lvarez Moreno, V. Mart\u00ednez de Vega Fern\u00e1ndez[\/vc_column_text][vc_column_text el_class=\u00bbpublicacion\u00bb]<strong>Radiolog\u00eda<\/strong> 2014; 56(2):154\u2013166. DOI: 10.1016\/j.rx.2012.05.002<strong><br \/>\n<\/strong><a href=\"https:\/\/doi.org\/10.1016\/j.rx.2012.05.002\" target=\"_blank\" rel=\"noopener\">https:\/\/doi.org\/10.1016\/j.rx.2012.05.002<\/a>[\/vc_column_text][\/vc_column][\/vc_row][vc_row css=\u00bb.vc_custom_1543908444087{background-color: #ffffff !important;}\u00bb][vc_column width=\u00bb2\/12&#8243;][vc_single_image image=\u00bb417&#8243; img_size=\u00bbmedium\u00bb alignment=\u00bbcenter\u00bb][\/vc_column][vc_column width=\u00bb10\/12&#8243; el_class=\u00bbcaja_publicacion\u00bb css=\u00bb.vc_custom_1543908510112{background-color: #f7f7f7 !important;}\u00bb][vc_column_text el_class=\u00bbtitulo\u00bb]La patolog\u00eda benigna de ano y recto con con RM 3.0T. 2\u00aa Parte: Patolog\u00eda inflamatoria ano-rectal. anatom\u00eda postquir\u00fargica y complicaciones postratamiento[\/vc_column_text][vc_column_text el_class=\u00bbautores\u00bb]L. Herraiz Hidalgo, R: Cano Alonso, J. Carrascoso Arranz, E. \u00c1lvarez Moreno, V. Mart\u00ednez de Vega Fern\u00e1ndez[\/vc_column_text][vc_column_text el_class=\u00bbpublicacion\u00bb]<strong>Radiolog\u00eda.<\/strong> 2014;56 (3):206-18. DOI: 10.1016\/j.rx.2012.07.009<br \/>\n<a href=\"https:\/\/doi.org\/10.1016\/j.rx.2012.07.009\" target=\"_blank\" rel=\"noopener\">https:\/\/doi.org\/10.1016\/j.rx.2012.07.009<\/a>[\/vc_column_text][\/vc_column][\/vc_row][vc_row css=\u00bb.vc_custom_1543908444087{background-color: #ffffff !important;}\u00bb][vc_column width=\u00bb2\/12&#8243;][vc_single_image image=\u00bb417&#8243; img_size=\u00bbmedium\u00bb alignment=\u00bbcenter\u00bb][\/vc_column][vc_column width=\u00bb10\/12&#8243; el_class=\u00bbcaja_publicacion\u00bb css=\u00bb.vc_custom_1543908510112{background-color: #f7f7f7 !important;}\u00bb][vc_column_text el_class=\u00bbtitulo\u00bb]Disfunci\u00f3n del tend\u00f3n tibial posterior: \u00bfqu\u00e9 otras estructuras est\u00e1n implicadas en el desarrollo del pie plano adquirido del adulto?[\/vc_column_text][vc_column_text el_class=\u00bbautores\u00bb]L. Herr\u00e1iz Hidalgo, J. Carrascoso Arranz, M. Recio Rodr\u00edguez, M. Jim\u00e9nez De La Pe\u00f1a, R. Cano Alonso, E. \u00c1lvarez Moreno y V. Mart\u00ednez De Vega Fern\u00e1ndez[\/vc_column_text][vc_column_text el_class=\u00bbpublicacion\u00bb]<strong>Radiolog\u00eda. 2014<\/strong>;56 (3):247-56. DOI: 10.1016\/j.rx.2011.12.006<br \/>\n<a href=\"https:\/\/doi.org\/10.1016\/j.rx.2011.12.006\" target=\"_blank\" rel=\"noopener\">https:\/\/doi.org\/10.1016\/j.rx.2011.12.006<\/a>[\/vc_column_text][\/vc_column][\/vc_row][vc_row css=\u00bb.vc_custom_1543908444087{background-color: #ffffff !important;}\u00bb][vc_column width=\u00bb2\/12&#8243;][vc_single_image image=\u00bb417&#8243; img_size=\u00bbmedium\u00bb alignment=\u00bbcenter\u00bb][\/vc_column][vc_column width=\u00bb10\/12&#8243; el_class=\u00bbcaja_publicacion\u00bb css=\u00bb.vc_custom_1543908510112{background-color: #f7f7f7 !important;}\u00bb][vc_column_text el_class=\u00bbtitulo\u00bb]V\u00f3lvulos del tracto gastrointestinal. Diagn\u00f3stico y correlaci\u00f3n entre radiolog\u00eda simple y tomograf\u00eda computarizada multidetector. L. Ib\u00e1\u00f1ez Sanz, S. Borruel Nacenta[\/vc_column_text][vc_column_text el_class=\u00bbautores\u00bb]R. Cano Alonso, P. D\u00edez Mart\u00ednez,\u00a0 M. Navallas Irujo.[\/vc_column_text][vc_column_text el_class=\u00bbpublicacion\u00bb]<strong>Radiolog\u00eda 2015<\/strong>; 57(1):35-43. DOI: 10.1016\/j.rx.2013.09.008<br \/>\n<a href=\"https:\/\/doi.org\/10.1016\/j.rx.2013.09.008\" target=\"_blank\" rel=\"noopener\">https:\/\/doi.org\/10.1016\/j.rx.2013.09.008<\/a>[\/vc_column_text][\/vc_column][\/vc_row]<\/p>\n","protected":false},"excerpt":{"rendered":"<p>[vc_row css=\u00bb.vc_custom_1543908444087{background-color: #ffffff !important;}\u00bb][vc_column width=\u00bb2\/12&#8243;][vc_single_image image=\u00bb417&#8243; img_size=\u00bbmedium\u00bb alignment=\u00bbcenter\u00bb][\/vc_column][vc_column width=\u00bb10\/12&#8243; el_class=\u00bbcaja_publicacion\u00bb css=\u00bb.vc_custom_1543908510112{background-color: #f7f7f7 !important;}\u00bb][vc_column_text el_class=\u00bbtitulo\u00bb]Delayed Diagnosis of a Diaphragmatic Hernia in a Patient on Mechanical Ventilation[\/vc_column_text][vc_column_text el_class=\u00bbautores\u00bb]Navallas M, Borruel S, Cano R, Ib\u00e1\u00f1ez L[\/vc_column_text][vc_column_text el_class=\u00bbpublicacion\u00bb]Radiologia\u00a0 2010;52(6):552-555. Epub 2010 Jun 11. PMID: 20541784. DOI:10.1016\/j.rx.2010.04.003 https:\/\/doi.org\/10.1016\/j.rx.2010.04.003[\/vc_column_text][\/vc_column][\/vc_row][vc_row css=\u00bb.vc_custom_1543908444087{background-color: #ffffff !important;}\u00bb][vc_column width=\u00bb2\/12&#8243;][vc_single_image image=\u00bb417&#8243; img_size=\u00bbmedium\u00bb alignment=\u00bbcenter\u00bb][\/vc_column][vc_column width=\u00bb10\/12&#8243; el_class=\u00bbcaja_publicacion\u00bb css=\u00bb.vc_custom_1543908510112{background-color: #f7f7f7 !important;}\u00bb][vc_column_text [&hellip;]<\/p>\n","protected":false},"author":1,"featured_media":401,"parent":0,"menu_order":0,"comment_status":"closed","ping_status":"closed","template":"","meta":{"_acf_changed":false,"footnotes":""},"class_list":["post-88","page","type-page","status-publish","hentry"],"acf":[],"_links":{"self":[{"href":"https:\/\/www.raquelcanoalonso.com\/index.php?rest_route=\/wp\/v2\/pages\/88","targetHints":{"allow":["GET"]}}],"collection":[{"href":"https:\/\/www.raquelcanoalonso.com\/index.php?rest_route=\/wp\/v2\/pages"}],"about":[{"href":"https:\/\/www.raquelcanoalonso.com\/index.php?rest_route=\/wp\/v2\/types\/page"}],"author":[{"embeddable":true,"href":"https:\/\/www.raquelcanoalonso.com\/index.php?rest_route=\/wp\/v2\/users\/1"}],"replies":[{"embeddable":true,"href":"https:\/\/www.raquelcanoalonso.com\/index.php?rest_route=%2Fwp%2Fv2%2Fcomments&post=88"}],"version-history":[{"count":15,"href":"https:\/\/www.raquelcanoalonso.com\/index.php?rest_route=\/wp\/v2\/pages\/88\/revisions"}],"predecessor-version":[{"id":419,"href":"https:\/\/www.raquelcanoalonso.com\/index.php?rest_route=\/wp\/v2\/pages\/88\/revisions\/419"}],"wp:featuredmedia":[{"embeddable":true,"href":"https:\/\/www.raquelcanoalonso.com\/index.php?rest_route=\/wp\/v2\/media\/401"}],"wp:attachment":[{"href":"https:\/\/www.raquelcanoalonso.com\/index.php?rest_route=%2Fwp%2Fv2%2Fmedia&parent=88"}],"curies":[{"name":"wp","href":"https:\/\/api.w.org\/{rel}","templated":true}]}}